{"id":3395,"date":"2024-05-02T20:14:05","date_gmt":"2024-05-02T18:14:05","guid":{"rendered":"https:\/\/www.vmditalia.com\/certificacoes\/"},"modified":"2026-04-08T17:39:23","modified_gmt":"2026-04-08T15:39:23","slug":"certificacoes","status":"publish","type":"page","link":"https:\/\/www.vmditalia.com\/pt-pt\/certificacoes\/","title":{"rendered":"Certifica\u00e7\u00f5es"},"content":{"rendered":"<!--themify_builder_content-->\n<div id=\"themify_builder_content-3395\" data-postid=\"3395\" class=\"themify_builder_content themify_builder_content-3395 themify_builder tf_clear\">\n                    <div  data-css_id=\"z727699\" data-lazy=\"1\" class=\"module_row themify_builder_row fullwidth tb_z727699 tb_first tf_w\">\n                        <div class=\"row_inner col_align_top tb_col_count_1 tf_box tf_rel\">\n                        <div  data-lazy=\"1\" class=\"module_column tb-column col-full tb_q7tz799 first\">\n                    <!-- module image -->\n<div  class=\"module module-image tb_wzk0900 image-center   auto_fullwidth tf_mw\" data-lazy=\"1\">\n        <div class=\"image-wrap tf_rel tf_mw\">\n            <img loading=\"lazy\" decoding=\"async\" width=\"953\" height=\"300\" src=\"https:\/\/www.vmditalia.com\/wp-content\/uploads\/2024\/05\/953x300-IMMAGINE-AMBIENTEI.jpg\" class=\"wp-post-image wp-image-1173\" title=\"953x300-IMMAGINE-AMBIENTEI\" alt=\"AMBIENTE\" srcset=\"https:\/\/www.vmditalia.com\/wp-content\/uploads\/2024\/05\/953x300-IMMAGINE-AMBIENTEI.jpg 953w, https:\/\/www.vmditalia.com\/wp-content\/uploads\/2024\/05\/953x300-IMMAGINE-AMBIENTEI-300x94.jpg 300w, https:\/\/www.vmditalia.com\/wp-content\/uploads\/2024\/05\/953x300-IMMAGINE-AMBIENTEI-768x242.jpg 768w\" sizes=\"auto, (max-width: 953px) 100vw, 953px\" \/>    \n        <\/div>\n    <!-- \/image-wrap -->\n    \n        <\/div>\n<!-- \/module image --><!-- module text -->\n<div  class=\"module module-text tb_1s0n009   \" data-lazy=\"1\">\n        <div  class=\"tb_text_wrap\">\n        <p style=\"text-align: justify;\"><span style=\"font-weight: bold;\">VMD Italia<\/span> posiciona-se como uma<span style=\"font-weight: bold;\">empresa l\u00edder no sector qu\u00edmico<\/span>, que se distingue pelo seu constante compromisso com a <span style=\"font-weight: bold;\">prote\u00e7\u00e3o e o respeito pelo ambiente.<\/span> A empresa concebe, desenvolve e comercializa uma vasta gama de aeross\u00f3is, dando sempre prioridade ao impacto que estes podem ter no ecossistema. <span style=\"font-weight: bold;\">A abordagem da VMD Italia \u00e9 fortemente orientada para a sustentabilidade e para a minimiza\u00e7\u00e3o da sua pegada ecol\u00f3gica<\/span>, atrav\u00e9s da utiliza\u00e7\u00e3o de tecnologias de ponta e de pr\u00e1ticas operacionais que visam minimizar as emiss\u00f5es nocivas e o consumo de recursos naturais. <\/p>\n<p style=\"text-align: justify;\"><span style=\"font-weight: bold;\">A empresa est\u00e1 profundamente empenhada na investiga\u00e7\u00e3o e na inova\u00e7\u00e3o<\/span>, com o objetivo de oferecer solu\u00e7\u00f5es qu\u00edmicas eficazes e, ao mesmo tempo, seguras para o ambiente. Este compromisso reflecte-se na sele\u00e7\u00e3o cuidadosa das mat\u00e9rias-primas, na otimiza\u00e7\u00e3o dos processos de produ\u00e7\u00e3o para reduzir o seu impacto ambiental e na ado\u00e7\u00e3o de pol\u00edticas empresariais que promovem a responsabilidade ambiental a todos os n\u00edveis organizacionais. <\/p>\n<p style=\"text-align: justify;\">VMD Italia trabalha em estreita colabora\u00e7\u00e3o com os reguladores, organiza\u00e7\u00f5es n\u00e3o-governamentais e outras partes interessadas para garantir que as suas pr\u00e1ticas de neg\u00f3cios n\u00e3o s\u00f3 cumprem com os regulamentos ambientais atuais em todos os momentos. Atrav\u00e9s destas iniciativas de colabora\u00e7\u00e3o, a empresa esfor\u00e7a-se por ser um exemplo positivo na sua ind\u00fastria e, porque n\u00e3o, um promotor da qu\u00edmica verde. <\/p>\n<p style=\"text-align: justify;\">Em resumo, <span style=\"font-weight: bold;\">VMD Italia representa um modelo de excel\u00eancia no sector qu\u00edmico pela sua abordagem inovadora e \u00e9tica em rela\u00e7\u00e3o ao ambiente.<\/span> Atrav\u00e9s de uma gest\u00e3o respons\u00e1vel das suas actividades e de um compromisso cont\u00ednuo com a excel\u00eancia ambiental, a empresa est\u00e1 na vanguarda da promo\u00e7\u00e3o de um futuro mais sustent\u00e1vel e verde.<\/p>\n<p> <\/p>    <\/div>\n<\/div>\n<!-- \/module text --><!-- module text -->\n<div  class=\"module module-text tb_mgt2504   \" data-lazy=\"1\">\n        <div  class=\"tb_text_wrap\">\n        <h3 style=\"text-align: center;\">AS NOSSAS CERTIFICA\u00c7\u00d5ES<\/h3>    <\/div>\n<\/div>\n<!-- \/module text -->        <\/div>\n                        <\/div>\n        <\/div>\n                        <div  data-css_id=\"lz84854\" data-lazy=\"1\" class=\"module_row themify_builder_row fullwidth tb_lz84854 tf_w\">\n                        <div class=\"row_inner col_align_top tb_col_count_3 tf_box tf_rel\">\n                        <div  data-lazy=\"1\" class=\"module_column tb-column col3-1 tb_we1n905 first\">\n                    <!-- module image -->\n<div  class=\"module module-image tb_r541811 image-center   tf_mw\" data-lazy=\"1\">\n        <div class=\"image-wrap tf_rel tf_mw\">\n            <a href=\"https:\/\/www.vmditalia.com\/wp-content\/uploads\/2026\/04\/IQNET.pdf\" class=\"lightbox-builder themify_lightbox\" data-zoom-config=\"85%|100%\">\n                   <img loading=\"lazy\" decoding=\"async\" width=\"656\" height=\"929\" src=\"https:\/\/www.vmditalia.com\/wp-content\/uploads\/2026\/04\/IQNET.png\" class=\"wp-post-image wp-image-3525\" title=\"IQNET\" alt=\"IQNET\" srcset=\"https:\/\/www.vmditalia.com\/wp-content\/uploads\/2026\/04\/IQNET.png 656w, https:\/\/www.vmditalia.com\/wp-content\/uploads\/2026\/04\/IQNET-212x300.png 212w\" sizes=\"auto, (max-width: 656px) 100vw, 656px\" \/>        <\/a>\n    \n        <\/div>\n    <!-- \/image-wrap -->\n    \n        <\/div>\n<!-- \/module image -->        <\/div>\n                    <div  data-lazy=\"1\" class=\"module_column tb-column col3-1 tb_zt9u559\">\n                            <\/div>\n                    <div  data-lazy=\"1\" class=\"module_column tb-column col3-1 tb_l9xx261 last\">\n                    <!-- module image -->\n<div  class=\"module module-image tb_ez5p122 image-center   tf_mw\" data-lazy=\"1\">\n        <div class=\"image-wrap tf_rel tf_mw\">\n            <a href=\"https:\/\/www.vmditalia.com\/wp-content\/uploads\/2026\/04\/CQY.pdf\" class=\"lightbox-builder themify_lightbox\" data-zoom-config=\"85%|100%\">\n                   <img loading=\"lazy\" decoding=\"async\" width=\"656\" height=\"928\" src=\"https:\/\/www.vmditalia.com\/wp-content\/uploads\/2026\/04\/CQY-1.png\" class=\"wp-post-image wp-image-3549\" title=\"CQY\" alt=\"CQY\" srcset=\"https:\/\/www.vmditalia.com\/wp-content\/uploads\/2026\/04\/CQY-1.png 656w, https:\/\/www.vmditalia.com\/wp-content\/uploads\/2026\/04\/CQY-1-212x300.png 212w\" sizes=\"auto, (max-width: 656px) 100vw, 656px\" \/>        <\/a>\n    \n        <\/div>\n    <!-- \/image-wrap -->\n    \n        <\/div>\n<!-- \/module image -->        <\/div>\n                        <\/div>\n        <\/div>\n        <\/div>\n<!--\/themify_builder_content-->","protected":false},"excerpt":{"rendered":"<p>VMD Italia posiciona-se como umaempresa l\u00edder no sector qu\u00edmico, que se distingue pelo seu constante compromisso com a prote\u00e7\u00e3o e o respeito pelo ambiente. A empresa concebe, desenvolve e comercializa uma vasta gama de aeross\u00f3is, dando sempre prioridade ao impacto que estes podem ter no ecossistema. A abordagem da VMD Italia \u00e9 fortemente orientada para [&hellip;]<\/p>\n","protected":false},"author":1,"featured_media":0,"parent":0,"menu_order":0,"comment_status":"closed","ping_status":"closed","template":"","meta":{"footnotes":""},"class_list":["post-3395","page","type-page","status-publish","hentry","has-post-title","has-post-date","has-post-category","has-post-tag","has-post-comment","has-post-author",""],"builder_content":"<img src=\"https:\/\/www.vmditalia.com\/wp-content\/uploads\/2024\/05\/953x300-IMMAGINE-AMBIENTEI.jpg\" title=\"953x300-IMMAGINE-AMBIENTEI\" alt=\"AMBIENTE\" srcset=\"https:\/\/www.vmditalia.com\/wp-content\/uploads\/2024\/05\/953x300-IMMAGINE-AMBIENTEI.jpg 953w, https:\/\/www.vmditalia.com\/wp-content\/uploads\/2024\/05\/953x300-IMMAGINE-AMBIENTEI-300x94.jpg 300w, https:\/\/www.vmditalia.com\/wp-content\/uploads\/2024\/05\/953x300-IMMAGINE-AMBIENTEI-768x242.jpg 768w\" sizes=\"(max-width: 953px) 100vw, 953px\" \/>\n<p style=\"text-align: justify;\">VMD Italia posiciona-se como umaempresa l\u00edder no sector qu\u00edmico, que se distingue pelo seu constante compromisso com a prote\u00e7\u00e3o e o respeito pelo ambiente. A empresa concebe, desenvolve e comercializa uma vasta gama de aeross\u00f3is, dando sempre prioridade ao impacto que estes podem ter no ecossistema. A abordagem da VMD Italia \u00e9 fortemente orientada para a sustentabilidade e para a minimiza\u00e7\u00e3o da sua pegada ecol\u00f3gica, atrav\u00e9s da utiliza\u00e7\u00e3o de tecnologias de ponta e de pr\u00e1ticas operacionais que visam minimizar as emiss\u00f5es nocivas e o consumo de recursos naturais. <\/p> <p style=\"text-align: justify;\">A empresa est\u00e1 profundamente empenhada na investiga\u00e7\u00e3o e na inova\u00e7\u00e3o, com o objetivo de oferecer solu\u00e7\u00f5es qu\u00edmicas eficazes e, ao mesmo tempo, seguras para o ambiente. Este compromisso reflecte-se na sele\u00e7\u00e3o cuidadosa das mat\u00e9rias-primas, na otimiza\u00e7\u00e3o dos processos de produ\u00e7\u00e3o para reduzir o seu impacto ambiental e na ado\u00e7\u00e3o de pol\u00edticas empresariais que promovem a responsabilidade ambiental a todos os n\u00edveis organizacionais. <\/p> <p style=\"text-align: justify;\">VMD Italia trabalha em estreita colabora\u00e7\u00e3o com os reguladores, organiza\u00e7\u00f5es n\u00e3o-governamentais e outras partes interessadas para garantir que as suas pr\u00e1ticas de neg\u00f3cios n\u00e3o s\u00f3 cumprem com os regulamentos ambientais atuais em todos os momentos. Atrav\u00e9s destas iniciativas de colabora\u00e7\u00e3o, a empresa esfor\u00e7a-se por ser um exemplo positivo na sua ind\u00fastria e, porque n\u00e3o, um promotor da qu\u00edmica verde. <\/p> <p style=\"text-align: justify;\">Em resumo, VMD Italia representa um modelo de excel\u00eancia no sector qu\u00edmico pela sua abordagem inovadora e \u00e9tica em rela\u00e7\u00e3o ao ambiente. Atrav\u00e9s de uma gest\u00e3o respons\u00e1vel das suas actividades e de um compromisso cont\u00ednuo com a excel\u00eancia ambiental, a empresa est\u00e1 na vanguarda da promo\u00e7\u00e3o de um futuro mais sustent\u00e1vel e verde.<\/p> <p> <\/p>\n<h3 style=\"text-align: center;\">AS NOSSAS CERTIFICA\u00c7\u00d5ES<\/h3>\n<a href=\"https:\/\/www.vmditalia.com\/wp-content\/uploads\/2026\/04\/IQNET.pdf\" data-zoom-config=\"85%|100%\"> <img src=\"https:\/\/www.vmditalia.com\/wp-content\/uploads\/2026\/04\/IQNET.png\" title=\"IQNET\" alt=\"IQNET\" srcset=\"https:\/\/www.vmditalia.com\/wp-content\/uploads\/2026\/04\/IQNET.png 656w, https:\/\/www.vmditalia.com\/wp-content\/uploads\/2026\/04\/IQNET-212x300.png 212w\" sizes=\"(max-width: 656px) 100vw, 656px\" \/> <\/a>\n<a href=\"https:\/\/www.vmditalia.com\/wp-content\/uploads\/2026\/04\/CQY.pdf\" data-zoom-config=\"85%|100%\"> <img src=\"https:\/\/www.vmditalia.com\/wp-content\/uploads\/2026\/04\/CQY-1.png\" title=\"CQY\" alt=\"CQY\" srcset=\"https:\/\/www.vmditalia.com\/wp-content\/uploads\/2026\/04\/CQY-1.png 656w, https:\/\/www.vmditalia.com\/wp-content\/uploads\/2026\/04\/CQY-1-212x300.png 212w\" sizes=\"(max-width: 656px) 100vw, 656px\" \/> <\/a>","_links":{"self":[{"href":"https:\/\/www.vmditalia.com\/pt-pt\/wp-json\/wp\/v2\/pages\/3395","targetHints":{"allow":["GET"]}}],"collection":[{"href":"https:\/\/www.vmditalia.com\/pt-pt\/wp-json\/wp\/v2\/pages"}],"about":[{"href":"https:\/\/www.vmditalia.com\/pt-pt\/wp-json\/wp\/v2\/types\/page"}],"author":[{"embeddable":true,"href":"https:\/\/www.vmditalia.com\/pt-pt\/wp-json\/wp\/v2\/users\/1"}],"replies":[{"embeddable":true,"href":"https:\/\/www.vmditalia.com\/pt-pt\/wp-json\/wp\/v2\/comments?post=3395"}],"version-history":[{"count":18,"href":"https:\/\/www.vmditalia.com\/pt-pt\/wp-json\/wp\/v2\/pages\/3395\/revisions"}],"predecessor-version":[{"id":3600,"href":"https:\/\/www.vmditalia.com\/pt-pt\/wp-json\/wp\/v2\/pages\/3395\/revisions\/3600"}],"wp:attachment":[{"href":"https:\/\/www.vmditalia.com\/pt-pt\/wp-json\/wp\/v2\/media?parent=3395"}],"curies":[{"name":"wp","href":"https:\/\/api.w.org\/{rel}","templated":true}]}}