{"id":3330,"date":"2024-05-02T11:58:39","date_gmt":"2024-05-02T09:58:39","guid":{"rendered":"https:\/\/www.vmditalia.com\/academia\/"},"modified":"2026-03-18T14:53:28","modified_gmt":"2026-03-18T13:53:28","slug":"academia","status":"publish","type":"page","link":"https:\/\/www.vmditalia.com\/pt-pt\/academia\/","title":{"rendered":"Academia"},"content":{"rendered":"<!--themify_builder_content-->\n<div id=\"themify_builder_content-3330\" data-postid=\"3330\" class=\"themify_builder_content themify_builder_content-3330 themify_builder tf_clear\">\n                    <div  data-css_id=\"fh9b430\" data-lazy=\"1\" class=\"module_row themify_builder_row fullwidth tb_fh9b430 tb_first tf_w\">\n                        <div class=\"row_inner col_align_top tb_col_count_1 tf_box tf_rel\">\n                        <div  data-lazy=\"1\" class=\"module_column tb-column col-full tb_9wj8003 first\">\n                    <!-- module image -->\n<div  class=\"module module-image tb_m332659 image-center   auto_fullwidth tf_mw\" data-lazy=\"1\">\n        <div class=\"image-wrap tf_rel tf_mw\">\n            <img loading=\"lazy\" decoding=\"async\" width=\"1920\" height=\"553\" src=\"https:\/\/www.vmditalia.com\/wp-content\/uploads\/2024\/05\/Logo-VMD-Academy-ok.jpg\" class=\"wp-post-image wp-image-3336\" title=\"Logo - VMD - Academy - ok\" alt=\"Logo - VMD - Academy\" srcset=\"https:\/\/www.vmditalia.com\/wp-content\/uploads\/2024\/05\/Logo-VMD-Academy-ok.jpg 1920w, https:\/\/www.vmditalia.com\/wp-content\/uploads\/2024\/05\/Logo-VMD-Academy-ok-300x86.jpg 300w, https:\/\/www.vmditalia.com\/wp-content\/uploads\/2024\/05\/Logo-VMD-Academy-ok-1024x295.jpg 1024w, https:\/\/www.vmditalia.com\/wp-content\/uploads\/2024\/05\/Logo-VMD-Academy-ok-768x221.jpg 768w, https:\/\/www.vmditalia.com\/wp-content\/uploads\/2024\/05\/Logo-VMD-Academy-ok-1536x442.jpg 1536w\" sizes=\"auto, (max-width: 1920px) 100vw, 1920px\" \/>    \n        <\/div>\n    <!-- \/image-wrap -->\n    \n        <\/div>\n<!-- \/module image --><!-- module text -->\n<div  class=\"module module-text tb_v4ts080   \" data-lazy=\"1\">\n        <div  class=\"tb_text_wrap\">\n        <p style=\"text-align: justify;\"> <\/p>\n<p style=\"text-align: justify;\">VMD criou a Academia da empresa, uma iniciativa pioneira criada com a inten\u00e7\u00e3o espec\u00edfica de <span style=\"font-weight: bold;\">oferecer forma\u00e7\u00e3o t\u00e9cnica<\/span> altamente especializada <span style=\"font-weight: bold;\">aos nossos clientes e parceiros de neg\u00f3cios<\/span>. O principal objetivo desta Academia \u00e9 fornecer conhecimentos t\u00e9cnicos aprofundados e compet\u00eancias pr\u00e1ticas atrav\u00e9s de um programa educativo cuidadosamente estruturado, concebido para responder \u00e0 necessidade de aprendizagem cont\u00ednua no din\u00e2mico mundo tecnol\u00f3gico de hoje. <\/p>\n<p style=\"text-align: justify;\"><span style=\"font-weight: bold;\">A Academia da empresa<\/span> est\u00e1 empenhada em garantir que todos os participantes, independentemente do seu n\u00edvel de especializa\u00e7\u00e3o atual, possam obter uma <span style=\"font-weight: bold;\">compreens\u00e3o s\u00f3lida e abrangente das mais recentes inova\u00e7\u00f5es tecnol\u00f3gicas, das melhores pr\u00e1ticas da ind\u00fastria e das ferramentas mais avan\u00e7adas<\/span>. Isto \u00e9 conseguido atrav\u00e9s de uma mistura equilibrada de <span style=\"font-weight: bold;\">palestras te\u00f3ricas<\/span>, dadas pelos nossos especialistas internos, e <span style=\"font-weight: bold;\">sess\u00f5es pr\u00e1ticas<\/span>. <\/p>\n<p style=\"text-align: justify;\">Reconhecemos a import\u00e2ncia crucial do<span style=\"font-weight: bold;\">desenvolvimento profissional cont\u00ednuo<\/span> para manter a competitividade no mercado e responder eficazmente aos desafios colocados pela evolu\u00e7\u00e3o tecnol\u00f3gica. Por esta raz\u00e3o, <span style=\"font-weight: bold;\">a nossa Academia corporativa foi concebida como um espa\u00e7o de encontro<\/span> onde clientes e parceiros podem n\u00e3o s\u00f3 melhorar as suas compet\u00eancias t\u00e9cnicas, mas tamb\u00e9m <span style=\"font-weight: bold;\">trocar experi\u00eancias, expandir a sua rede profissional e colaborar em novos projectos inovadores.<\/span> <\/p>\n<p style=\"text-align: justify;\">A nossa Academia empresarial \u00e9 um investimento no futuro, apoiando o desenvolvimento profissional dos participantes e contribuindo para o nosso sucesso coletivo no panorama tecnol\u00f3gico global. <span style=\"font-weight: bold;\">Por isso, convidamos todos os nossos clientes e parceiros a participarem ativamente neste emocionante curso de forma\u00e7\u00e3o<\/span>, confiantes de que representar\u00e1 um valor acrescentado significativo <span style=\"font-weight: bold;\">para o seu crescimento profissional e para o refor\u00e7o das suas compet\u00eancias t\u00e9cnicas<\/span>.<\/p>    <\/div>\n<\/div>\n<!-- \/module text --><!-- module text -->\n<div  class=\"module module-text tb_0smi658   \" data-lazy=\"1\">\n        <div  class=\"tb_text_wrap\">\n        <h3 style=\"text-align: center;\">O NOSSO KNOW-HOW EMPRESARIAL \u00c0 TUA DISPOSI\u00c7\u00c3O.<\/h3>\n<h6 style=\"text-align: center;\"><span style=\"text-decoration: underline; font-style: italic;\">&#8220;A d\u00favida \u00e9 o princ\u00edpio do conhecimento.&#8221;  <\/span><\/h6>\n<p style=\"text-align: center;\"><em>Descartes<\/em><\/p>    <\/div>\n<\/div>\n<!-- \/module text -->        <\/div>\n                        <\/div>\n        <\/div>\n                        <div  data-css_id=\"cedw629\" data-lazy=\"1\" class=\"module_row themify_builder_row fullwidth tb_cedw629 tf_w\">\n                        <div class=\"row_inner col_align_top tb_col_count_3 tf_box tf_rel\">\n                        <div  data-lazy=\"1\" class=\"module_column tb-column col3-1 tb_7l3e602 first\">\n                    <!-- module image -->\n<div  class=\"module module-image tb_yg08814 image-center rounded  auto_fullwidth tf_mw\" data-lazy=\"1\">\n        <div class=\"image-wrap tf_rel tf_mw\">\n            <img loading=\"lazy\" decoding=\"async\" width=\"600\" height=\"800\" src=\"https:\/\/www.vmditalia.com\/wp-content\/uploads\/2024\/05\/Castellini3.jpg\" class=\"wp-post-image wp-image-3332\" title=\"Cristiano Castellini\" alt=\"Cristiano Castellini\" srcset=\"https:\/\/www.vmditalia.com\/wp-content\/uploads\/2024\/05\/Castellini3.jpg 600w, https:\/\/www.vmditalia.com\/wp-content\/uploads\/2024\/05\/Castellini3-225x300.jpg 225w\" sizes=\"auto, (max-width: 600px) 100vw, 600px\" \/>    \n        <\/div>\n    <!-- \/image-wrap -->\n    \n        <\/div>\n<!-- \/module image --><!-- module text -->\n<div  class=\"module module-text tb_zbjv947   \" data-lazy=\"1\">\n        <div  class=\"tb_text_wrap\">\n        <h6 style=\"text-align: center;\">Cristiano Castellini<\/h6>\n<p style=\"text-align: center; margin-bottom: 0px;\"><em>Diretor de vendas  <\/em><\/p>    <\/div>\n<\/div>\n<!-- \/module text --><!-- module icon -->\n<div  class=\"module module-icon tb_i858319  large  icon_horizontal tf_textc\" data-lazy=\"1\">\n\t\t\t<div class=\"module-icon-item\">\n\t\t\t\t\t\t\t<a href=\"mailto:cristiano.castellini@vmditalia.it\" rel=\"noopener\" target=\"_blank\">\n\t\t\t\t\t\t\t\t\t\t\t\t\t\t\t\t\t<em class=\"tf_box\"\n\t\t\t\t\t\t\t\t\t\t\t\t\t\t\t\t\t><svg  class=\"tf_fa tf-fas-envelope\" aria-hidden=\"true\"><use href=\"#tf-fas-envelope\"><\/use><\/svg><\/em>\n\t\t\t\t\t\t\t\t\t\t\t\t\t\t\t\t<\/a>\n\t\t\t\t\t<\/div>\n\t<\/div>\n<!-- \/module icon -->\n        <\/div>\n                    <div  data-lazy=\"1\" class=\"module_column tb-column col3-1 tb_ef6c798\">\n                    <!-- module image -->\n<div  class=\"module module-image tb_7fci973 image-center rounded  auto_fullwidth tf_mw\" data-lazy=\"1\">\n        <div class=\"image-wrap tf_rel tf_mw\">\n            <img loading=\"lazy\" decoding=\"async\" width=\"600\" height=\"800\" src=\"https:\/\/www.vmditalia.com\/wp-content\/uploads\/2024\/05\/Battaglin.jpg\" class=\"wp-post-image wp-image-3334\" title=\"Luca Battaglin\" alt=\"Luca Battaglin\" srcset=\"https:\/\/www.vmditalia.com\/wp-content\/uploads\/2024\/05\/Battaglin.jpg 600w, https:\/\/www.vmditalia.com\/wp-content\/uploads\/2024\/05\/Battaglin-225x300.jpg 225w\" sizes=\"auto, (max-width: 600px) 100vw, 600px\" \/>    \n        <\/div>\n    <!-- \/image-wrap -->\n    \n        <\/div>\n<!-- \/module image --><!-- module text -->\n<div  class=\"module module-text tb_2zei670   \" data-lazy=\"1\">\n        <div  class=\"tb_text_wrap\">\n        <h6 style=\"text-align: center;\">Luca Battaglin<\/h6>\n<p style=\"text-align: center; margin-bottom:0px\"><em>Diretor de Marketing<\/em><\/p>\n    <\/div>\n<\/div>\n<!-- \/module text --><!-- module icon -->\n<div  class=\"module module-icon tb_xxfz247  large  icon_horizontal tf_textc\" data-lazy=\"1\">\n\t\t\t<div class=\"module-icon-item\">\n\t\t\t\t\t\t\t<a href=\"mailto:luca.battaglin@vmditalia.it\" rel=\"noopener\" target=\"_blank\">\n\t\t\t\t\t\t\t\t\t\t\t\t\t\t\t\t\t<em class=\"tf_box\"\n\t\t\t\t\t\t\t\t\t\t\t\t\t\t\t\t\t><svg  class=\"tf_fa tf-fas-envelope\" aria-hidden=\"true\"><use href=\"#tf-fas-envelope\"><\/use><\/svg><\/em>\n\t\t\t\t\t\t\t\t\t\t\t\t\t\t\t\t<\/a>\n\t\t\t\t\t<\/div>\n\t<\/div>\n<!-- \/module icon -->\n        <\/div>\n                    <div  data-lazy=\"1\" class=\"module_column tb-column col3-1 tb_j9mr603 last\">\n                    <!-- module image -->\n<div  class=\"module module-image tb_c2vk468 image-center rounded  auto_fullwidth tf_mw\" data-lazy=\"1\">\n        <div class=\"image-wrap tf_rel tf_mw\">\n            <img loading=\"lazy\" decoding=\"async\" width=\"600\" height=\"800\" src=\"https:\/\/www.vmditalia.com\/wp-content\/uploads\/2024\/05\/Gambini5.jpg\" class=\"wp-post-image wp-image-3333\" title=\"Luca Gambini\" alt=\"Luca Gambini\" srcset=\"https:\/\/www.vmditalia.com\/wp-content\/uploads\/2024\/05\/Gambini5.jpg 600w, https:\/\/www.vmditalia.com\/wp-content\/uploads\/2024\/05\/Gambini5-225x300.jpg 225w\" sizes=\"auto, (max-width: 600px) 100vw, 600px\" \/>    \n        <\/div>\n    <!-- \/image-wrap -->\n    \n        <\/div>\n<!-- \/module image --><!-- module text -->\n<div  class=\"module module-text tb_rbp1544   \" data-lazy=\"1\">\n        <div  class=\"tb_text_wrap\">\n        <h6 style=\"text-align: center;\">Luca Gambini<\/h6>\n<p style=\"text-align: center; margin-bottom:0px\"><em>Diretor t\u00e9cnico<\/em><\/p>\n    <\/div>\n<\/div>\n<!-- \/module text --><!-- module icon -->\n<div  class=\"module module-icon tb_gvpd663  large  icon_horizontal tf_textc\" data-lazy=\"1\">\n\t\t\t<div class=\"module-icon-item\">\n\t\t\t\t\t\t\t<a href=\"mailto:luca.gambini@vmditalia.it\" rel=\"noopener\" target=\"_blank\">\n\t\t\t\t\t\t\t\t\t\t\t\t\t\t\t\t\t<em class=\"tf_box\"\n\t\t\t\t\t\t\t\t\t\t\t\t\t\t\t\t\t><svg  class=\"tf_fa tf-fas-envelope\" aria-hidden=\"true\"><use href=\"#tf-fas-envelope\"><\/use><\/svg><\/em>\n\t\t\t\t\t\t\t\t\t\t\t\t\t\t\t\t<\/a>\n\t\t\t\t\t<\/div>\n\t<\/div>\n<!-- \/module icon -->\n        <\/div>\n                        <\/div>\n        <\/div>\n                        <div  data-css_id=\"kt9e33\" data-lazy=\"1\" class=\"module_row themify_builder_row fullwidth tb_kt9e33 tf_w\">\n                        <div class=\"row_inner col_align_top tb_col_count_1 tf_box tf_rel\">\n                        <div  data-lazy=\"1\" class=\"module_column tb-column col-full tb_vtyd33 first\">\n                    <!-- module text -->\n<div  class=\"module module-text tb_q6ul482   \" data-lazy=\"1\">\n        <div  class=\"tb_text_wrap\">\n        <h4 style=\"text-align: center;\"><strong>SEGUE-NOS PARA DESCOBRIR OS NOSSOS EVENTOS<br><\/strong><\/h4>    <\/div>\n<\/div>\n<!-- \/module text -->        <\/div>\n                        <\/div>\n        <\/div>\n                        <div  data-css_id=\"0ytz83\" data-lazy=\"1\" class=\"module_row themify_builder_row fullwidth tb_0ytz83 tf_w\">\n                        <div class=\"row_inner col_align_top tb_col_count_1 tf_box tf_rel\">\n                        <div  data-lazy=\"1\" class=\"module_column tb-column col-full tb_yj2q83 first\">\n                    <!-- module gallery -->\n<div  class=\"module gallery module-gallery tb_yk9e474 layout-grid  \" data-lazy=\"1\">\n    <div class=\"module-gallery-grid\" style=\"--gald:4;--galt:4;--galm:4\">\n            <dl class=\"gallery-item\">\n            <dt class=\"gallery-icon\">\n            <a data-title=\"\" title=\"\" href=\"https:\/\/www.vmditalia.com\/wp-content\/uploads\/2024\/06\/vmd-agenti3.jpg\" data-rel=\"tb_yk9e474\" class=\"themify_lightbox\"><img loading=\"lazy\" decoding=\"async\" src=\"https:\/\/www.vmditalia.com\/wp-content\/uploads\/2024\/06\/vmd-agenti3-300x200.jpg\" width=\"300\" height=\"200\" class=\"wp-post-image wp-image-1254\" title=\"VMD Academy\" alt=\"VMD Academy\"><\/a>            <\/dt>\n                    <\/dl>\n            <dl class=\"gallery-item\">\n            <dt class=\"gallery-icon\">\n            <a data-title=\"\" title=\"\" href=\"https:\/\/www.vmditalia.com\/wp-content\/uploads\/2024\/06\/vmd-agenti7.jpg\" data-rel=\"tb_yk9e474\" class=\"themify_lightbox\"><img loading=\"lazy\" decoding=\"async\" src=\"https:\/\/www.vmditalia.com\/wp-content\/uploads\/2024\/06\/vmd-agenti7-300x200.jpg\" width=\"300\" height=\"200\" class=\"wp-post-image wp-image-1255\" title=\"VMD Academy\" alt=\"VMD Academy\"><\/a>            <\/dt>\n                    <\/dl>\n            <dl class=\"gallery-item\">\n            <dt class=\"gallery-icon\">\n            <a data-title=\"\" title=\"\" href=\"https:\/\/www.vmditalia.com\/wp-content\/uploads\/2024\/06\/vmd-agenti13.jpg\" data-rel=\"tb_yk9e474\" class=\"themify_lightbox\"><img loading=\"lazy\" decoding=\"async\" src=\"https:\/\/www.vmditalia.com\/wp-content\/uploads\/2024\/06\/vmd-agenti13-300x200.jpg\" width=\"300\" height=\"200\" class=\"wp-post-image wp-image-1256\" title=\"VMD Academy\" alt=\"VMD Academy\"><\/a>            <\/dt>\n                    <\/dl>\n            <dl class=\"gallery-item\">\n            <dt class=\"gallery-icon\">\n            <a data-title=\"\" title=\"\" href=\"https:\/\/www.vmditalia.com\/wp-content\/uploads\/2024\/06\/evento-vmd-2.jpg\" data-rel=\"tb_yk9e474\" class=\"themify_lightbox\"><img loading=\"lazy\" decoding=\"async\" src=\"https:\/\/www.vmditalia.com\/wp-content\/uploads\/2024\/06\/evento-vmd-2-300x200.jpg\" width=\"300\" height=\"200\" class=\"wp-post-image wp-image-1257\" title=\"VMD Academy\" alt=\"VMD Academy\"><\/a>            <\/dt>\n                    <\/dl>\n            <dl class=\"gallery-item\">\n            <dt class=\"gallery-icon\">\n            <a data-title=\"\" title=\"\" href=\"https:\/\/www.vmditalia.com\/wp-content\/uploads\/2024\/06\/evento-vmd-5.jpg\" data-rel=\"tb_yk9e474\" class=\"themify_lightbox\"><img loading=\"lazy\" decoding=\"async\" src=\"https:\/\/www.vmditalia.com\/wp-content\/uploads\/2024\/06\/evento-vmd-5-300x200.jpg\" width=\"300\" height=\"200\" class=\"wp-post-image wp-image-1258\" title=\"VMD Academy\" alt=\"VMD Academy\"><\/a>            <\/dt>\n                    <\/dl>\n            <dl class=\"gallery-item\">\n            <dt class=\"gallery-icon\">\n            <a data-title=\"\" title=\"\" href=\"https:\/\/www.vmditalia.com\/wp-content\/uploads\/2024\/06\/evento-vmd-6.jpg\" data-rel=\"tb_yk9e474\" class=\"themify_lightbox\"><img loading=\"lazy\" decoding=\"async\" src=\"https:\/\/www.vmditalia.com\/wp-content\/uploads\/2024\/06\/evento-vmd-6-300x200.jpg\" width=\"300\" height=\"200\" class=\"wp-post-image wp-image-1259\" title=\"VMD Academy\" alt=\"VMD Academy\"><\/a>            <\/dt>\n                    <\/dl>\n            <dl class=\"gallery-item\">\n            <dt class=\"gallery-icon\">\n            <a data-title=\"\" title=\"\" href=\"https:\/\/www.vmditalia.com\/wp-content\/uploads\/2024\/06\/evento-vmd-7.jpg\" data-rel=\"tb_yk9e474\" class=\"themify_lightbox\"><img loading=\"lazy\" decoding=\"async\" src=\"https:\/\/www.vmditalia.com\/wp-content\/uploads\/2024\/06\/evento-vmd-7-300x200.jpg\" width=\"300\" height=\"200\" class=\"wp-post-image wp-image-1260\" title=\"VMD Academy\" alt=\"VMD Academy\"><\/a>            <\/dt>\n                    <\/dl>\n            <dl class=\"gallery-item\">\n            <dt class=\"gallery-icon\">\n            <a data-title=\"\" title=\"\" href=\"https:\/\/www.vmditalia.com\/wp-content\/uploads\/2024\/06\/evento-vmd.jpg\" data-rel=\"tb_yk9e474\" class=\"themify_lightbox\"><img loading=\"lazy\" decoding=\"async\" src=\"https:\/\/www.vmditalia.com\/wp-content\/uploads\/2024\/06\/evento-vmd-300x200.jpg\" width=\"300\" height=\"200\" class=\"wp-post-image wp-image-1261\" title=\"VMD Academy\" alt=\"VMD Academy\"><\/a>            <\/dt>\n                    <\/dl>\n    <\/div>\n<\/div>\n<!-- \/module gallery -->        <\/div>\n                        <\/div>\n        <\/div>\n        <\/div>\n<!--\/themify_builder_content-->","protected":false},"excerpt":{"rendered":"<p>VMD criou a Academia da empresa, uma iniciativa pioneira criada com a inten\u00e7\u00e3o espec\u00edfica de oferecer forma\u00e7\u00e3o t\u00e9cnica altamente especializada aos nossos clientes e parceiros de neg\u00f3cios. O principal objetivo desta Academia \u00e9 fornecer conhecimentos t\u00e9cnicos aprofundados e compet\u00eancias pr\u00e1ticas atrav\u00e9s de um programa educativo cuidadosamente estruturado, concebido para responder \u00e0 necessidade de aprendizagem cont\u00ednua [&hellip;]<\/p>\n","protected":false},"author":1,"featured_media":0,"parent":0,"menu_order":0,"comment_status":"closed","ping_status":"closed","template":"","meta":{"footnotes":""},"class_list":["post-3330","page","type-page","status-publish","hentry","has-post-title","has-post-date","has-post-category","has-post-tag","has-post-comment","has-post-author",""],"builder_content":"<img src=\"https:\/\/www.vmditalia.com\/wp-content\/uploads\/2024\/05\/Logo-VMD-Academy-ok.jpg\" title=\"Logo - VMD - Academy - ok\" alt=\"Logo - VMD - Academy\" srcset=\"https:\/\/www.vmditalia.com\/wp-content\/uploads\/2024\/05\/Logo-VMD-Academy-ok.jpg 1920w, https:\/\/www.vmditalia.com\/wp-content\/uploads\/2024\/05\/Logo-VMD-Academy-ok-300x86.jpg 300w, https:\/\/www.vmditalia.com\/wp-content\/uploads\/2024\/05\/Logo-VMD-Academy-ok-1024x295.jpg 1024w, https:\/\/www.vmditalia.com\/wp-content\/uploads\/2024\/05\/Logo-VMD-Academy-ok-768x221.jpg 768w, https:\/\/www.vmditalia.com\/wp-content\/uploads\/2024\/05\/Logo-VMD-Academy-ok-1536x442.jpg 1536w\" sizes=\"(max-width: 1920px) 100vw, 1920px\" \/>\n<p style=\"text-align: justify;\"> <\/p> <p style=\"text-align: justify;\">VMD criou a Academia da empresa, uma iniciativa pioneira criada com a inten\u00e7\u00e3o espec\u00edfica de oferecer forma\u00e7\u00e3o t\u00e9cnica altamente especializada aos nossos clientes e parceiros de neg\u00f3cios. O principal objetivo desta Academia \u00e9 fornecer conhecimentos t\u00e9cnicos aprofundados e compet\u00eancias pr\u00e1ticas atrav\u00e9s de um programa educativo cuidadosamente estruturado, concebido para responder \u00e0 necessidade de aprendizagem cont\u00ednua no din\u00e2mico mundo tecnol\u00f3gico de hoje. <\/p> <p style=\"text-align: justify;\">A Academia da empresa est\u00e1 empenhada em garantir que todos os participantes, independentemente do seu n\u00edvel de especializa\u00e7\u00e3o atual, possam obter uma compreens\u00e3o s\u00f3lida e abrangente das mais recentes inova\u00e7\u00f5es tecnol\u00f3gicas, das melhores pr\u00e1ticas da ind\u00fastria e das ferramentas mais avan\u00e7adas. Isto \u00e9 conseguido atrav\u00e9s de uma mistura equilibrada de palestras te\u00f3ricas, dadas pelos nossos especialistas internos, e sess\u00f5es pr\u00e1ticas. <\/p> <p style=\"text-align: justify;\">Reconhecemos a import\u00e2ncia crucial dodesenvolvimento profissional cont\u00ednuo para manter a competitividade no mercado e responder eficazmente aos desafios colocados pela evolu\u00e7\u00e3o tecnol\u00f3gica. Por esta raz\u00e3o, a nossa Academia corporativa foi concebida como um espa\u00e7o de encontro onde clientes e parceiros podem n\u00e3o s\u00f3 melhorar as suas compet\u00eancias t\u00e9cnicas, mas tamb\u00e9m trocar experi\u00eancias, expandir a sua rede profissional e colaborar em novos projectos inovadores. <\/p> <p style=\"text-align: justify;\">A nossa Academia empresarial \u00e9 um investimento no futuro, apoiando o desenvolvimento profissional dos participantes e contribuindo para o nosso sucesso coletivo no panorama tecnol\u00f3gico global. Por isso, convidamos todos os nossos clientes e parceiros a participarem ativamente neste emocionante curso de forma\u00e7\u00e3o, confiantes de que representar\u00e1 um valor acrescentado significativo para o seu crescimento profissional e para o refor\u00e7o das suas compet\u00eancias t\u00e9cnicas.<\/p>\n<h3 style=\"text-align: center;\">O NOSSO KNOW-HOW EMPRESARIAL \u00c0 TUA DISPOSI\u00c7\u00c3O.<\/h3> <h6 style=\"text-align: center;\">\"A d\u00favida \u00e9 o princ\u00edpio do conhecimento.\" <\/h6> <p style=\"text-align: center;\"><em>Descartes<\/em><\/p>\n<img src=\"https:\/\/www.vmditalia.com\/wp-content\/uploads\/2024\/05\/Castellini3.jpg\" title=\"Cristiano Castellini\" alt=\"Cristiano Castellini\" srcset=\"https:\/\/www.vmditalia.com\/wp-content\/uploads\/2024\/05\/Castellini3.jpg 600w, https:\/\/www.vmditalia.com\/wp-content\/uploads\/2024\/05\/Castellini3-225x300.jpg 225w\" sizes=\"(max-width: 600px) 100vw, 600px\" \/>\n<h6 style=\"text-align: center;\">Cristiano Castellini<\/h6> <p style=\"text-align: center; margin-bottom: 0px;\"><em>Diretor de vendas <\/em><\/p>\n<a href=\"mailto:cristiano.castellini@vmditalia.it\" rel=\"noopener\" target=\"_blank\"> <em ><svg aria-hidden=\"true\"><use href=\"#tf-fas-envelope\"><\/use><\/svg><\/em> <\/a>\n<img src=\"https:\/\/www.vmditalia.com\/wp-content\/uploads\/2024\/05\/Battaglin.jpg\" title=\"Luca Battaglin\" alt=\"Luca Battaglin\" srcset=\"https:\/\/www.vmditalia.com\/wp-content\/uploads\/2024\/05\/Battaglin.jpg 600w, https:\/\/www.vmditalia.com\/wp-content\/uploads\/2024\/05\/Battaglin-225x300.jpg 225w\" sizes=\"(max-width: 600px) 100vw, 600px\" \/>\n<h6 style=\"text-align: center;\">Luca Battaglin<\/h6> <p style=\"text-align: center; margin-bottom:0px\"><em>Diretor de Marketing<\/em><\/p>\n<a href=\"mailto:luca.battaglin@vmditalia.it\" rel=\"noopener\" target=\"_blank\"> <em ><svg aria-hidden=\"true\"><use href=\"#tf-fas-envelope\"><\/use><\/svg><\/em> <\/a>\n<img src=\"https:\/\/www.vmditalia.com\/wp-content\/uploads\/2024\/05\/Gambini5.jpg\" title=\"Luca Gambini\" alt=\"Luca Gambini\" srcset=\"https:\/\/www.vmditalia.com\/wp-content\/uploads\/2024\/05\/Gambini5.jpg 600w, https:\/\/www.vmditalia.com\/wp-content\/uploads\/2024\/05\/Gambini5-225x300.jpg 225w\" sizes=\"(max-width: 600px) 100vw, 600px\" \/>\n<h6 style=\"text-align: center;\">Luca Gambini<\/h6> <p style=\"text-align: center; margin-bottom:0px\"><em>Diretor t\u00e9cnico<\/em><\/p>\n<a href=\"mailto:luca.gambini@vmditalia.it\" rel=\"noopener\" target=\"_blank\"> <em ><svg aria-hidden=\"true\"><use href=\"#tf-fas-envelope\"><\/use><\/svg><\/em> <\/a>\n<h4 style=\"text-align: center;\"><strong>SEGUE-NOS PARA DESCOBRIR OS NOSSOS EVENTOS<br><\/strong><\/h4>\n[gallery ids=\"1254,1255,1256,1257,1258,1259,1260,1261\"]","_links":{"self":[{"href":"https:\/\/www.vmditalia.com\/pt-pt\/wp-json\/wp\/v2\/pages\/3330","targetHints":{"allow":["GET"]}}],"collection":[{"href":"https:\/\/www.vmditalia.com\/pt-pt\/wp-json\/wp\/v2\/pages"}],"about":[{"href":"https:\/\/www.vmditalia.com\/pt-pt\/wp-json\/wp\/v2\/types\/page"}],"author":[{"embeddable":true,"href":"https:\/\/www.vmditalia.com\/pt-pt\/wp-json\/wp\/v2\/users\/1"}],"replies":[{"embeddable":true,"href":"https:\/\/www.vmditalia.com\/pt-pt\/wp-json\/wp\/v2\/comments?post=3330"}],"version-history":[{"count":4,"href":"https:\/\/www.vmditalia.com\/pt-pt\/wp-json\/wp\/v2\/pages\/3330\/revisions"}],"predecessor-version":[{"id":3390,"href":"https:\/\/www.vmditalia.com\/pt-pt\/wp-json\/wp\/v2\/pages\/3330\/revisions\/3390"}],"wp:attachment":[{"href":"https:\/\/www.vmditalia.com\/pt-pt\/wp-json\/wp\/v2\/media?parent=3330"}],"curies":[{"name":"wp","href":"https:\/\/api.w.org\/{rel}","templated":true}]}}