{"id":3325,"date":"2024-06-27T12:09:58","date_gmt":"2024-06-27T10:09:58","guid":{"rendered":"https:\/\/www.vmditalia.com\/contacto\/"},"modified":"2026-03-18T14:53:28","modified_gmt":"2026-03-18T13:53:28","slug":"contacto","status":"publish","type":"page","link":"https:\/\/www.vmditalia.com\/pt-pt\/contacto\/","title":{"rendered":"Contacto"},"content":{"rendered":"<!--themify_builder_content-->\n<div id=\"themify_builder_content-3325\" data-postid=\"3325\" class=\"themify_builder_content themify_builder_content-3325 themify_builder tf_clear\">\n                    <div  data-lazy=\"1\" class=\"module_row themify_builder_row tb_67vr006 tb_first tf_w\">\n                        <div class=\"row_inner col_align_top tb_col_count_1 tf_box tf_rel\">\n                        <div  data-lazy=\"1\" class=\"module_column tb-column col-full tb_0k3n333 first\">\n                    <!-- module plain text -->\n<div  class=\"module module-plain-text tb_a3bi771 \" data-lazy=\"1\">\n        <div class=\"tb_text_wrap\">\n    <iframe src=\"https:\/\/www.google.com\/maps\/embed?pb=!1m18!1m12!1m3!1d3567.657510730188!2d9.665092856040484!3d45.33827342283733!2m3!1f0!2f0!3f0!3m2!1i1024!2i768!4f13.1!3m3!1m2!1s0x478125fe736eb097%3A0xc73ccf969f8f324e!2sVMD%20Italia%20Srl!5e0!3m2!1sit!2sit!4v1725354313362!5m2!1sit!2sit\" width=\"100%\" height=\"400\" style=\"border:0;\" allowfullscreen=\"\" loading=\"lazy\" referrerpolicy=\"no-referrer-when-downgrade\"><\/iframe>    <\/div>\n<\/div>\n<!-- \/module plain text -->        <\/div>\n                        <\/div>\n        <\/div>\n                        <div  data-lazy=\"1\" class=\"module_row themify_builder_row tb_qcwb987 tf_w\">\n                        <div class=\"row_inner col_align_top tb_col_count_2 tf_box tf_rel\">\n                        <div  data-lazy=\"1\" class=\"module_column tb-column col4-2 tb_o9m7987 first\">\n                    <!-- module text -->\n<div  class=\"module module-text tb_chk1663   \" data-lazy=\"1\">\n        <div  class=\"tb_text_wrap\">\n        <h3>VMD It\u00e1lia S.R.L.<\/h3>\n<p style=\"margin-bottom: 0px;\">Via Amerigo Vespucci, 9<\/p>\n<p style=\"margin-bottom: 0px;\">26010 Ripalta Cremasca (CR)<\/p>\n<p style=\"margin-bottom: 0px;\"><a href=\"tel:+390373268299\">Tel: +39 0373 268299<\/a><\/p>\n<p style=\"margin-bottom: 0px;\">Fax: +39 0373 688982<\/p>\n<p style=\"margin-bottom: 0px;\">IVA e C\u00f3digo Fiscal 02350880163<\/p>\n<p style=\"margin-bottom: 0px;\">Correio: <a href=\"mailto:info@vmditalia.it\">info@vmditalia.it<\/a><\/p>    <\/div>\n<\/div>\n<!-- \/module text --><!-- module text -->\n<div  class=\"module module-text tb_j7zd599   \" data-lazy=\"1\">\n        <div  class=\"tb_text_wrap\">\n        <h3>VMD Espana Aerosol Technology sl<\/h3>\n<p style=\"margin-bottom: 0px;\">Almacen Log\u00edstica OMEGA SL<\/p>\n<p style=\"margin-bottom: 0px;\">CTRA.A-I KM.31.700 (Salida 30)<\/p>\n<p style=\"margin-bottom: 0px;\">28750 San Agustin Del Guadalix (Madrid)<\/p>\n<p style=\"margin-bottom: 0px;\"><a href=\"tel:+34918487857\">Tel: +34 918487857<\/a><\/p>\n<p style=\"margin-bottom: 0px;\">Fax: +34 918414927<\/p>\n<p style=\"margin-bottom: 0px;\">Correio: <a href=\"mailto:info@vmdespana.es\">info@vmdespana.es<\/a><\/p>    <\/div>\n<\/div>\n<!-- \/module text -->        <\/div>\n                    <div  data-lazy=\"1\" class=\"module_column tb-column col4-2 tb_h8nj175 last\">\n                    <!-- module text -->\n<div  class=\"module module-text tb_z3r8540   \" data-lazy=\"1\">\n        <div  class=\"tb_text_wrap\">\n        <h3>Contacta-nos<\/h3>    <\/div>\n<\/div>\n<!-- \/module text --><!-- module plain text -->\n<div  class=\"module module-plain-text tb_wa7f166 \" data-lazy=\"1\">\n        <div class=\"tb_text_wrap\">\n    <style id=\"wpforms-css-vars-1530\">\n\t\t\t\t#wpforms-1530 {\n\t\t\t\t--wpforms-container-padding: 0px;\n--wpforms-container-border-width: 1px;\n--wpforms-container-border-radius: 3px;\n--wpforms-background-color: rgba(0, 0, 0, 0);\n--wpforms-field-size-input-height: 43px;\n--wpforms-field-size-input-spacing: 15px;\n--wpforms-field-size-font-size: 16px;\n--wpforms-field-size-line-height: 19px;\n--wpforms-field-size-padding-h: 14px;\n--wpforms-field-size-checkbox-size: 16px;\n--wpforms-field-size-sublabel-spacing: 5px;\n--wpforms-field-size-icon-size: 1;\n--wpforms-label-size-font-size: 16px;\n--wpforms-label-size-line-height: 19px;\n--wpforms-label-size-sublabel-font-size: 14px;\n--wpforms-label-size-sublabel-line-height: 17px;\n--wpforms-button-size-font-size: 17px;\n--wpforms-button-size-height: 41px;\n--wpforms-button-size-padding-h: 15px;\n--wpforms-button-size-margin-top: 10px;\n--wpforms-container-shadow-size-box-shadow: none;\n\t\t\t}\n\t\t\t<\/style><div class=\"wpforms-container wpforms-container-full wpforms-render-modern\" id=\"wpforms-1530\"><form id=\"wpforms-form-1530\" class=\"wpforms-validate wpforms-form wpforms-ajax-form\" data-formid=\"1530\" method=\"post\" enctype=\"multipart\/form-data\" action=\"\/pt-pt\/wp-json\/wp\/v2\/pages\/3325\" data-token=\"440d3df565f2288d50982318aa0d8ac9\" data-token-time=\"1777758451\"><noscript class=\"wpforms-error-noscript\">Please enable JavaScript in your browser to complete this form.<\/noscript><div id=\"wpforms-error-noscript\" style=\"display: none;\">Please enable JavaScript in your browser to complete this form.<\/div><div class=\"wpforms-field-container\"><div id=\"wpforms-1530-field_1-container\" class=\"wpforms-field wpforms-field-text wpforms-one-half wpforms-first\" data-field-id=\"1\"><label class=\"wpforms-field-label\" for=\"wpforms-1530-field_1\">Nome e apelido <span class=\"wpforms-required-label\" aria-hidden=\"true\">*<\/span><\/label><input type=\"text\" id=\"wpforms-1530-field_1\" class=\"wpforms-field-large wpforms-field-required\" name=\"wpforms[fields][1]\" aria-errormessage=\"wpforms-1530-field_1-error\" required><\/div><div id=\"wpforms-1530-field_2-container\" class=\"wpforms-field wpforms-field-text wpforms-one-half\" data-field-id=\"2\"><label class=\"wpforms-field-label\" for=\"wpforms-1530-field_2\">Nome da empresa<\/label><input type=\"text\" id=\"wpforms-1530-field_2\" class=\"wpforms-field-large\" name=\"wpforms[fields][2]\" aria-errormessage=\"wpforms-1530-field_2-error\" ><\/div><div id=\"wpforms-1530-field_3-container\" class=\"wpforms-field wpforms-field-email wpforms-one-half wpforms-first\" data-field-id=\"3\"><label class=\"wpforms-field-label\" for=\"wpforms-1530-field_3\">Correio eletr\u00f3nico <span class=\"wpforms-required-label\" aria-hidden=\"true\">*<\/span><\/label><input type=\"email\" id=\"wpforms-1530-field_3\" class=\"wpforms-field-large wpforms-field-required\" name=\"wpforms[fields][3]\" spellcheck=\"false\" aria-errormessage=\"wpforms-1530-field_3-error\" required><\/div><div id=\"wpforms-1530-field_4-container\" class=\"wpforms-field wpforms-field-text wpforms-one-half\" data-field-id=\"4\"><label class=\"wpforms-field-label\" for=\"wpforms-1530-field_4\">N\u00famero de telefone<\/label><input type=\"text\" id=\"wpforms-1530-field_4\" class=\"wpforms-field-large\" name=\"wpforms[fields][4]\" aria-errormessage=\"wpforms-1530-field_4-error\" ><\/div><div id=\"wpforms-1530-field_5-container\" class=\"wpforms-field wpforms-field-textarea\" data-field-id=\"5\"><label class=\"wpforms-field-label\" for=\"wpforms-1530-field_5\">Mensagem<\/label><textarea id=\"wpforms-1530-field_5\" class=\"wpforms-field-medium\" name=\"wpforms[fields][5]\" aria-errormessage=\"wpforms-1530-field_5-error\" ><\/textarea><\/div><div id=\"wpforms-1530-field_6-container\" class=\"wpforms-field wpforms-field-checkbox\" data-field-id=\"6\"><fieldset><legend class=\"wpforms-field-label\">Consentimentos e privacidade <span class=\"wpforms-required-label\" aria-hidden=\"true\">*<\/span><\/legend><ul id=\"wpforms-1530-field_6\" class=\"wpforms-field-required\"><li class=\"choice-1 depth-1\"><input type=\"checkbox\" id=\"wpforms-1530-field_6_1\" name=\"wpforms[fields][6][]\" value=\"Li as informa\u00e7\u00f5es sobre o tratamento de dados pessoais nos termos dos artigos 13-14 do RGPD - Regulamento 2016\/679\/UE - &lt;a href=&quot;https:\/\/vmditalia.com\/pdf\/INFORMATIVA-CLIENTI-VMD-REV00.pdf&quot;&gt;Pol\u00edtica de Privacidade&lt;\/a&gt;\" aria-errormessage=\"wpforms-1530-field_6_1-error\" required ><label class=\"wpforms-field-label-inline\" for=\"wpforms-1530-field_6_1\">Li as informa\u00e7\u00f5es sobre o tratamento de dados pessoais nos termos dos artigos 13-14 do RGPD - Regulamento 2016\/679\/UE - <a href=\"https:\/\/vmditalia.com\/pdf\/INFORMATIVA-CLIENTI-VMD-REV00.pdf\">Pol\u00edtica de Privacidade<\/a><\/label><\/li><li class=\"choice-2 depth-1\"><input type=\"checkbox\" id=\"wpforms-1530-field_6_2\" name=\"wpforms[fields][6][]\" value=\"Autorizo o tratamento dos meus dados pessoais para fins de marketing, tal como indicado na Pol\u00edtica de &lt;a href=&quot;https:\/\/vmditalia.com\/pdf\/INFORMATIVA-CLIENTI-VMD-REV00.pdf&quot;&gt;Privacidade&lt;\/a&gt;\" aria-errormessage=\"wpforms-1530-field_6_2-error\" required ><label class=\"wpforms-field-label-inline\" for=\"wpforms-1530-field_6_2\">Autorizo o tratamento dos meus dados pessoais para fins de marketing, tal como indicado na Pol\u00edtica de <a href=\"https:\/\/vmditalia.com\/pdf\/INFORMATIVA-CLIENTI-VMD-REV00.pdf\">Privacidade<\/a><\/label><\/li><\/ul><\/fieldset><\/div><\/div><!-- .wpforms-field-container --><div class=\"wpforms-submit-container\" ><input type=\"hidden\" name=\"wpforms[id]\" value=\"1530\"><input type=\"hidden\" name=\"page_title\" value=\"\"><input type=\"hidden\" name=\"page_url\" value=\"https:\/\/www.vmditalia.com\/pt-pt\/wp-json\/wp\/v2\/pages\/3325\"><input type=\"hidden\" name=\"url_referer\" value=\"\"><button type=\"submit\" name=\"wpforms[submit]\" id=\"wpforms-submit-1530\" class=\"wpforms-submit\" data-alt-text=\"Envia...\" data-submit-text=\"Envia\" aria-live=\"assertive\" value=\"wpforms-submit\">Envia<\/button><img loading=\"lazy\" decoding=\"async\" src=\"https:\/\/www.vmditalia.com\/wp-content\/plugins\/wpforms-lite\/assets\/images\/submit-spin.svg\" class=\"wpforms-submit-spinner\" style=\"display: none;\" width=\"26\" height=\"26\" alt=\"Loading\"><\/div><\/form><\/div>  <!-- .wpforms-container -->    <\/div>\n<\/div>\n<!-- \/module plain text -->        <\/div>\n                        <\/div>\n        <\/div>\n                        <div  data-lazy=\"1\" class=\"module_row themify_builder_row tb_bhmg530 tf_w\">\n                        <div class=\"row_inner col_align_top tb_col_count_1 tf_box tf_rel\">\n                        <div  data-lazy=\"1\" class=\"module_column tb-column col-full tb_m4gi530 first\">\n                            <\/div>\n                        <\/div>\n        <\/div>\n        <\/div>\n<!--\/themify_builder_content-->","protected":false},"excerpt":{"rendered":"<p>VMD It\u00e1lia S.R.L. Via Amerigo Vespucci, 9 26010 Ripalta Cremasca (CR) Tel: +39 0373 268299 Fax: +39 0373 688982 IVA e C\u00f3digo Fiscal 02350880163 Correio: info@vmditalia.it VMD Espana Aerosol Technology sl Almacen Log\u00edstica OMEGA SL CTRA.A-I KM.31.700 (Salida 30) 28750 San Agustin Del Guadalix (Madrid) Tel: +34 918487857 Fax: +34 918414927 Correio: info@vmdespana.es Contacta-nos<\/p>\n","protected":false},"author":1,"featured_media":0,"parent":0,"menu_order":0,"comment_status":"closed","ping_status":"closed","template":"","meta":{"footnotes":""},"class_list":["post-3325","page","type-page","status-publish","hentry","has-post-title","has-post-date","has-post-category","has-post-tag","has-post-comment","has-post-author",""],"builder_content":"<iframe src=\"https:\/\/www.google.com\/maps\/embed?pb=!1m18!1m12!1m3!1d3567.657510730188!2d9.665092856040484!3d45.33827342283733!2m3!1f0!2f0!3f0!3m2!1i1024!2i768!4f13.1!3m3!1m2!1s0x478125fe736eb097%3A0xc73ccf969f8f324e!2sVMD%20Italia%20Srl!5e0!3m2!1sit!2sit!4v1725354313362!5m2!1sit!2sit\" width=\"100%\" height=\"400\" style=\"border:0;\" allowfullscreen=\"\" loading=\"lazy\" referrerpolicy=\"no-referrer-when-downgrade\"><\/iframe>\n<h3>VMD It\u00e1lia S.R.L.<\/h3> <p style=\"margin-bottom: 0px;\">Via Amerigo Vespucci, 9<\/p> <p style=\"margin-bottom: 0px;\">26010 Ripalta Cremasca (CR)<\/p> <p style=\"margin-bottom: 0px;\"><a href=\"tel:+390373268299\">Tel: +39 0373 268299<\/a><\/p> <p style=\"margin-bottom: 0px;\">Fax: +39 0373 688982<\/p> <p style=\"margin-bottom: 0px;\">IVA e C\u00f3digo Fiscal 02350880163<\/p> <p style=\"margin-bottom: 0px;\">Correio: <a href=\"mailto:info@vmditalia.it\">info@vmditalia.it<\/a><\/p>\n<h3>VMD Espana Aerosol Technology sl<\/h3> <p style=\"margin-bottom: 0px;\">Almacen Log\u00edstica OMEGA SL<\/p> <p style=\"margin-bottom: 0px;\">CTRA.A-I KM.31.700 (Salida 30)<\/p> <p style=\"margin-bottom: 0px;\">28750 San Agustin Del Guadalix (Madrid)<\/p> <p style=\"margin-bottom: 0px;\"><a href=\"tel:+34918487857\">Tel: +34 918487857<\/a><\/p> <p style=\"margin-bottom: 0px;\">Fax: +34 918414927<\/p> <p style=\"margin-bottom: 0px;\">Correio: <a href=\"mailto:info@vmdespana.es\">info@vmdespana.es<\/a><\/p>\n<h3>Contacta-nos<\/h3>\n[wpforms id=\"1530\"]","_links":{"self":[{"href":"https:\/\/www.vmditalia.com\/pt-pt\/wp-json\/wp\/v2\/pages\/3325","targetHints":{"allow":["GET"]}}],"collection":[{"href":"https:\/\/www.vmditalia.com\/pt-pt\/wp-json\/wp\/v2\/pages"}],"about":[{"href":"https:\/\/www.vmditalia.com\/pt-pt\/wp-json\/wp\/v2\/types\/page"}],"author":[{"embeddable":true,"href":"https:\/\/www.vmditalia.com\/pt-pt\/wp-json\/wp\/v2\/users\/1"}],"replies":[{"embeddable":true,"href":"https:\/\/www.vmditalia.com\/pt-pt\/wp-json\/wp\/v2\/comments?post=3325"}],"version-history":[{"count":5,"href":"https:\/\/www.vmditalia.com\/pt-pt\/wp-json\/wp\/v2\/pages\/3325\/revisions"}],"predecessor-version":[{"id":3389,"href":"https:\/\/www.vmditalia.com\/pt-pt\/wp-json\/wp\/v2\/pages\/3325\/revisions\/3389"}],"wp:attachment":[{"href":"https:\/\/www.vmditalia.com\/pt-pt\/wp-json\/wp\/v2\/media?parent=3325"}],"curies":[{"name":"wp","href":"https:\/\/api.w.org\/{rel}","templated":true}]}}