{"id":3302,"date":"2024-05-02T19:42:50","date_gmt":"2024-05-02T17:42:50","guid":{"rendered":"https:\/\/www.vmditalia.com\/marca-propria\/"},"modified":"2026-03-18T14:52:18","modified_gmt":"2026-03-18T13:52:18","slug":"marca-propria","status":"publish","type":"page","link":"https:\/\/www.vmditalia.com\/pt-pt\/marca-propria\/","title":{"rendered":"Marca pr\u00f3pria"},"content":{"rendered":"<!--themify_builder_content-->\n<div id=\"themify_builder_content-3302\" data-postid=\"3302\" class=\"themify_builder_content themify_builder_content-3302 themify_builder tf_clear\">\n                    <div  data-css_id=\"5e2v667\" data-lazy=\"1\" class=\"module_row themify_builder_row fullwidth tb_5e2v667 tb_first tf_w\">\n                        <div class=\"row_inner col_align_top tb_col_count_1 tf_box tf_rel\">\n                        <div  data-lazy=\"1\" class=\"module_column tb-column col-full tb_pp2p636 first\">\n                    <!-- module image -->\n<div  class=\"module module-image tb_8h9b630 image-center   auto_fullwidth tf_mw\" data-lazy=\"1\">\n        <div class=\"image-wrap tf_rel tf_mw\">\n            <img loading=\"lazy\" decoding=\"async\" width=\"953\" height=\"300\" src=\"https:\/\/www.vmditalia.com\/wp-content\/uploads\/2024\/05\/953x300-IMMAGINE-PRIVATE-LABEL2.jpg\" class=\"wp-post-image wp-image-1182\" title=\"953x300-IMMAGINE-PRIVATE-LABEL2\" alt=\"PRIVATE-LABEL\" srcset=\"https:\/\/www.vmditalia.com\/wp-content\/uploads\/2024\/05\/953x300-IMMAGINE-PRIVATE-LABEL2.jpg 953w, https:\/\/www.vmditalia.com\/wp-content\/uploads\/2024\/05\/953x300-IMMAGINE-PRIVATE-LABEL2-300x94.jpg 300w, https:\/\/www.vmditalia.com\/wp-content\/uploads\/2024\/05\/953x300-IMMAGINE-PRIVATE-LABEL2-768x242.jpg 768w\" sizes=\"auto, (max-width: 953px) 100vw, 953px\" \/>    \n        <\/div>\n    <!-- \/image-wrap -->\n    \n        <\/div>\n<!-- \/module image --><!-- module text -->\n<div  class=\"module module-text tb_h2hn633   \" data-lazy=\"1\">\n        <div  class=\"tb_text_wrap\">\n        <p style=\"text-align: justify;\"><span style=\"font-weight: bold;\">VMD Italia<\/span>, empresa l\u00edder no sector da pulveriza\u00e7\u00e3o t\u00e9cnica, <span style=\"font-weight: bold;\">oferece um servi\u00e7o exclusivo e personalizado de marca pr\u00f3pria.<\/span> Este servi\u00e7o \u00e9 destinado a todos os seus clientes que desejam utilizar a sua pr\u00f3pria marca para o produto escolhido. O principal objetivo da VMD Italia \u00e9 fornecer solu\u00e7\u00f5es personalizadas que respondam eficazmente \u00e0s necessidades e exig\u00eancias espec\u00edficas dos seus clientes. <\/p>\n<p style=\"text-align: justify;\">Atrav\u00e9s do servi\u00e7o de private label, <span style=\"font-weight: bold;\">VMD Italia permite aos seus clientes comercializar produtos com a sua pr\u00f3pria marca<\/span>, garantindo ao mesmo tempo <span style=\"font-weight: bold;\">elevados padr\u00f5es de qualidade e uma identidade visual coerente<\/span> com a filosofia e os valores da marca do cliente. Esta oportunidade n\u00e3o s\u00f3 permite \u00e0s empresas alargar a sua oferta comercial com produtos exclusivos, mas tamb\u00e9m oferece a vantagem de se diferenciar no mercado gra\u00e7as a solu\u00e7\u00f5es inovadoras e personalizadas. <\/p>\n<p style=\"text-align: justify;\">O profissionalismo e a aten\u00e7\u00e3o aos detalhes da equipa de <span style=\"font-weight: bold;\">VMD It\u00e1lia garantem uma gest\u00e3o completa do processo<\/span>, desde a conce\u00e7\u00e3o do produto at\u00e9 \u00e0 sua realiza\u00e7\u00e3o final. Isto inclui a <span style=\"font-weight: bold;\">sele\u00e7\u00e3o cuidadosa das mat\u00e9rias-primas<\/span>, o <span style=\"font-weight: bold;\">desenvolvimento de f\u00f3rmulas espec\u00edficas<\/span> de acordo com as exig\u00eancias do cliente, <span style=\"font-weight: bold;\">o design da embalagem<\/span> e o apoio nas <span style=\"font-weight: bold;\">estrat\u00e9gias de marketing<\/span> para o lan\u00e7amento do produto. <\/p>\n<p style=\"text-align: justify;\">Em suma, a VMD Italia est\u00e1 empenhada em oferecer um servi\u00e7o completo e altamente personalizado de marcas pr\u00f3prias, que se distingue pela sua qualidade, inova\u00e7\u00e3o e capacidade de responder eficazmente \u00e0s diferentes necessidades dos seus clientes.  <\/p>\n<p style=\"text-align: center;\"><span style=\"font-style: italic; text-decoration: underline;\">O objetivo \u00e9 construir parcerias fortes e duradouras baseadas na confian\u00e7a m\u00fatua e no sucesso partilhado.<\/span><\/p>    <\/div>\n<\/div>\n<!-- \/module text --><!-- module text -->\n<div  class=\"module module-text tb_cnek929   \" data-lazy=\"1\">\n        <div  class=\"tb_text_wrap\">\n        <h2 style=\"text-align: center;\">EXPERIMENTA O NOSSO CONFIGURADOR 3D INTERACTIVO<\/h2>\n<p style=\"text-align: center;\">Com apenas alguns cliques, podes ver uma pr\u00e9-visualiza\u00e7\u00e3o interactiva em 3D do teu produto!<\/p>    <\/div>\n<\/div>\n<!-- \/module text -->        <\/div>\n                        <\/div>\n        <\/div>\n                        <div  data-css_id=\"ppk3464\" data-lazy=\"1\" class=\"module_row themify_builder_row fullwidth tb_ppk3464 tf_w\">\n                        <div class=\"row_inner col_align_top tb_col_count_3 tf_box tf_rel\">\n                        <div  data-lazy=\"1\" class=\"module_column tb-column col3-1 tb_bpur464 first\">\n                            <\/div>\n                    <div  data-lazy=\"1\" class=\"module_column tb-column col3-1 tb_wucs921\">\n                    <!-- module image -->\n<div  class=\"module module-image tb_1wf7766 image-top   tf_mw\" data-lazy=\"1\">\n        <div class=\"image-wrap tf_rel tf_mw\">\n            <img loading=\"lazy\" decoding=\"async\" src=\"https:\/\/www.vmditalia.com\/wp-content\/uploads\/2024\/09\/private-label-729x588.jpg\" width=\"729\" height=\"588\" class=\"wp-post-image wp-image-1497\" title=\"private label\" alt=\"1: SCEGLI IL TAPPO 2: VISUALIZZA IL 3D INTERATTIVO 3: VISUALIZZA IL 3D INTERATTIVO\">    \n        <\/div>\n    <!-- \/image-wrap -->\n    \n        <\/div>\n<!-- \/module image --><!-- module buttons -->\n<div  class=\"module module-buttons tb_56nk350 buttons-horizontal solid  large circle buttons-fullwidth\" data-lazy=\"1\">\n        <div class=\"module-buttons-item tf_in_flx\">\n                        <a href=\"https:\/\/www.vmditalia.com\/3d\/index.html\" class=\"ui builder_button tf_in_flx red\" target=\"_blank\" rel=\"noopener\">\n                                                Experimenta agora!                                        <em><svg  class=\"tf_fa tf-ti-angle-right\" aria-hidden=\"true\"><use href=\"#tf-ti-angle-right\"><\/use><\/svg><\/em>                            <\/a>\n                <\/div>\n            <\/div>\n<!-- \/module buttons -->\n        <\/div>\n                    <div  data-lazy=\"1\" class=\"module_column tb-column col3-1 tb_8chh921 last\">\n                            <\/div>\n                        <\/div>\n        <\/div>\n                        <div  data-lazy=\"1\" class=\"module_row themify_builder_row tb_5hf6364 tf_w\">\n                        <div class=\"row_inner col_align_top tb_col_count_1 tf_box tf_rel\">\n                        <div  data-lazy=\"1\" class=\"module_column tb-column col-full tb_9u02364 first\">\n                    <!-- module text -->\n<div  class=\"module module-text tb_izmt929   \" data-lazy=\"1\">\n        <div  class=\"tb_text_wrap\">\n        <h2 style=\"text-align: left;\">Contacta-nos para todas as informa\u00e7\u00f5es<\/h2>    <\/div>\n<\/div>\n<!-- \/module text --><!-- module plain text -->\n<div  class=\"module module-plain-text tb_dwd9291 \" data-lazy=\"1\">\n        <div class=\"tb_text_wrap\">\n    <style id=\"wpforms-css-vars-1041\">\n\t\t\t\t#wpforms-1041 {\n\t\t\t\t--wpforms-container-padding: 0px;\n--wpforms-container-border-width: 1px;\n--wpforms-container-border-radius: 3px;\n--wpforms-background-color: rgba(0, 0, 0, 0);\n--wpforms-field-size-input-height: 43px;\n--wpforms-field-size-input-spacing: 15px;\n--wpforms-field-size-font-size: 16px;\n--wpforms-field-size-line-height: 19px;\n--wpforms-field-size-padding-h: 14px;\n--wpforms-field-size-checkbox-size: 16px;\n--wpforms-field-size-sublabel-spacing: 5px;\n--wpforms-field-size-icon-size: 1;\n--wpforms-label-size-font-size: 16px;\n--wpforms-label-size-line-height: 19px;\n--wpforms-label-size-sublabel-font-size: 14px;\n--wpforms-label-size-sublabel-line-height: 17px;\n--wpforms-button-size-font-size: 17px;\n--wpforms-button-size-height: 41px;\n--wpforms-button-size-padding-h: 15px;\n--wpforms-button-size-margin-top: 10px;\n--wpforms-container-shadow-size-box-shadow: none;\n\t\t\t}\n\t\t\t<\/style><div class=\"wpforms-container wpforms-container-full wpforms-render-modern\" id=\"wpforms-1041\"><form id=\"wpforms-form-1041\" class=\"wpforms-validate wpforms-form wpforms-ajax-form\" data-formid=\"1041\" method=\"post\" enctype=\"multipart\/form-data\" action=\"\/pt-pt\/wp-json\/wp\/v2\/pages\/3302\" data-token=\"27fa0234e863ff2cb6caf4a9dccd117e\" data-token-time=\"1777753526\"><noscript class=\"wpforms-error-noscript\">Please enable JavaScript in your browser to complete this form.<\/noscript><div id=\"wpforms-error-noscript\" style=\"display: none;\">Please enable JavaScript in your browser to complete this form.<\/div><div class=\"wpforms-field-container\"><div id=\"wpforms-1041-field_1-container\" class=\"wpforms-field wpforms-field-text wpforms-one-half wpforms-first\" data-field-id=\"1\"><label class=\"wpforms-field-label\" for=\"wpforms-1041-field_1\">Nome e apelido <span class=\"wpforms-required-label\" aria-hidden=\"true\">*<\/span><\/label><input type=\"text\" id=\"wpforms-1041-field_1\" class=\"wpforms-field-large wpforms-field-required\" name=\"wpforms[fields][1]\" aria-errormessage=\"wpforms-1041-field_1-error\" required><\/div><div id=\"wpforms-1041-field_2-container\" class=\"wpforms-field wpforms-field-text wpforms-one-half\" data-field-id=\"2\"><label class=\"wpforms-field-label\" for=\"wpforms-1041-field_2\">Nome da empresa<\/label><input type=\"text\" id=\"wpforms-1041-field_2\" class=\"wpforms-field-large\" name=\"wpforms[fields][2]\" aria-errormessage=\"wpforms-1041-field_2-error\" ><\/div><div id=\"wpforms-1041-field_3-container\" class=\"wpforms-field wpforms-field-email wpforms-one-half wpforms-first\" data-field-id=\"3\"><label class=\"wpforms-field-label\" for=\"wpforms-1041-field_3\">Correio eletr\u00f3nico <span class=\"wpforms-required-label\" aria-hidden=\"true\">*<\/span><\/label><input type=\"email\" id=\"wpforms-1041-field_3\" class=\"wpforms-field-large wpforms-field-required\" name=\"wpforms[fields][3]\" spellcheck=\"false\" aria-errormessage=\"wpforms-1041-field_3-error\" required><\/div><div id=\"wpforms-1041-field_4-container\" class=\"wpforms-field wpforms-field-text wpforms-one-half\" data-field-id=\"4\"><label class=\"wpforms-field-label\" for=\"wpforms-1041-field_4\">N\u00famero de telefone<\/label><input type=\"text\" id=\"wpforms-1041-field_4\" class=\"wpforms-field-large\" name=\"wpforms[fields][4]\" aria-errormessage=\"wpforms-1041-field_4-error\" ><\/div><div id=\"wpforms-1041-field_5-container\" class=\"wpforms-field wpforms-field-textarea\" data-field-id=\"5\"><label class=\"wpforms-field-label\" for=\"wpforms-1041-field_5\">Mensagem<\/label><textarea id=\"wpforms-1041-field_5\" class=\"wpforms-field-medium\" name=\"wpforms[fields][5]\" aria-errormessage=\"wpforms-1041-field_5-error\" ><\/textarea><\/div><div id=\"wpforms-1041-field_6-container\" class=\"wpforms-field wpforms-field-checkbox\" data-field-id=\"6\"><fieldset><legend class=\"wpforms-field-label\">Consentimentos e privacidade <span class=\"wpforms-required-label\" aria-hidden=\"true\">*<\/span><\/legend><ul id=\"wpforms-1041-field_6\" class=\"wpforms-field-required\"><li class=\"choice-1 depth-1\"><input type=\"checkbox\" id=\"wpforms-1041-field_6_1\" name=\"wpforms[fields][6][]\" value=\"Li as informa\u00e7\u00f5es sobre o tratamento de dados pessoais nos termos dos artigos 13-14 do RGPD - Regulamento 2016\/679\/UE - &lt;a href=&quot;https:\/\/vmditalia.com\/pdf\/INFORMATIVA-CLIENTI-VMD-REV00.pdf&quot;&gt;Pol\u00edtica de Privacidade&lt;\/a&gt;\" aria-errormessage=\"wpforms-1041-field_6_1-error\" required ><label class=\"wpforms-field-label-inline\" for=\"wpforms-1041-field_6_1\">Li as informa\u00e7\u00f5es sobre o tratamento de dados pessoais nos termos dos artigos 13-14 do RGPD - Regulamento 2016\/679\/UE - <a href=\"https:\/\/vmditalia.com\/pdf\/INFORMATIVA-CLIENTI-VMD-REV00.pdf\">Pol\u00edtica de Privacidade<\/a><\/label><\/li><li class=\"choice-2 depth-1\"><input type=\"checkbox\" id=\"wpforms-1041-field_6_2\" name=\"wpforms[fields][6][]\" value=\"Autorizo o tratamento dos meus dados pessoais para fins de marketing, tal como indicado na Pol\u00edtica de &lt;a href=&quot;https:\/\/vmditalia.com\/pdf\/INFORMATIVA-CLIENTI-VMD-REV00.pdf&quot;&gt;Privacidade&lt;\/a&gt;\" aria-errormessage=\"wpforms-1041-field_6_2-error\" required ><label class=\"wpforms-field-label-inline\" for=\"wpforms-1041-field_6_2\">Autorizo o tratamento dos meus dados pessoais para fins de marketing, tal como indicado na Pol\u00edtica de <a href=\"https:\/\/vmditalia.com\/pdf\/INFORMATIVA-CLIENTI-VMD-REV00.pdf\">Privacidade<\/a><\/label><\/li><\/ul><\/fieldset><\/div><\/div><!-- .wpforms-field-container --><div class=\"wpforms-submit-container\" ><input type=\"hidden\" name=\"wpforms[id]\" value=\"1041\"><input type=\"hidden\" name=\"page_title\" value=\"\"><input type=\"hidden\" name=\"page_url\" value=\"https:\/\/www.vmditalia.com\/pt-pt\/wp-json\/wp\/v2\/pages\/3302\"><input type=\"hidden\" name=\"url_referer\" value=\"\"><button type=\"submit\" name=\"wpforms[submit]\" id=\"wpforms-submit-1041\" class=\"wpforms-submit\" data-alt-text=\"Envia...\" data-submit-text=\"Envia\" aria-live=\"assertive\" value=\"wpforms-submit\">Envia<\/button><img loading=\"lazy\" decoding=\"async\" src=\"https:\/\/www.vmditalia.com\/wp-content\/plugins\/wpforms-lite\/assets\/images\/submit-spin.svg\" class=\"wpforms-submit-spinner\" style=\"display: none;\" width=\"26\" height=\"26\" alt=\"Loading\"><\/div><\/form><\/div>  <!-- .wpforms-container -->    <\/div>\n<\/div>\n<!-- \/module plain text -->        <\/div>\n                        <\/div>\n        <\/div>\n        <\/div>\n<!--\/themify_builder_content-->","protected":false},"excerpt":{"rendered":"<p>VMD Italia, empresa l\u00edder no sector da pulveriza\u00e7\u00e3o t\u00e9cnica, oferece um servi\u00e7o exclusivo e personalizado de marca pr\u00f3pria. Este servi\u00e7o \u00e9 destinado a todos os seus clientes que desejam utilizar a sua pr\u00f3pria marca para o produto escolhido. O principal objetivo da VMD Italia \u00e9 fornecer solu\u00e7\u00f5es personalizadas que respondam eficazmente \u00e0s necessidades e exig\u00eancias [&hellip;]<\/p>\n","protected":false},"author":1,"featured_media":0,"parent":0,"menu_order":0,"comment_status":"closed","ping_status":"closed","template":"","meta":{"footnotes":""},"class_list":["post-3302","page","type-page","status-publish","hentry","has-post-title","has-post-date","has-post-category","has-post-tag","has-post-comment","has-post-author",""],"builder_content":"<img src=\"https:\/\/www.vmditalia.com\/wp-content\/uploads\/2024\/05\/953x300-IMMAGINE-PRIVATE-LABEL2.jpg\" title=\"953x300-IMMAGINE-PRIVATE-LABEL2\" alt=\"PRIVATE-LABEL\" srcset=\"https:\/\/www.vmditalia.com\/wp-content\/uploads\/2024\/05\/953x300-IMMAGINE-PRIVATE-LABEL2.jpg 953w, https:\/\/www.vmditalia.com\/wp-content\/uploads\/2024\/05\/953x300-IMMAGINE-PRIVATE-LABEL2-300x94.jpg 300w, https:\/\/www.vmditalia.com\/wp-content\/uploads\/2024\/05\/953x300-IMMAGINE-PRIVATE-LABEL2-768x242.jpg 768w\" sizes=\"(max-width: 953px) 100vw, 953px\" \/>\n<p style=\"text-align: justify;\">VMD Italia, empresa l\u00edder no sector da pulveriza\u00e7\u00e3o t\u00e9cnica, oferece um servi\u00e7o exclusivo e personalizado de marca pr\u00f3pria. Este servi\u00e7o \u00e9 destinado a todos os seus clientes que desejam utilizar a sua pr\u00f3pria marca para o produto escolhido. O principal objetivo da VMD Italia \u00e9 fornecer solu\u00e7\u00f5es personalizadas que respondam eficazmente \u00e0s necessidades e exig\u00eancias espec\u00edficas dos seus clientes. <\/p> <p style=\"text-align: justify;\">Atrav\u00e9s do servi\u00e7o de private label, VMD Italia permite aos seus clientes comercializar produtos com a sua pr\u00f3pria marca, garantindo ao mesmo tempo elevados padr\u00f5es de qualidade e uma identidade visual coerente com a filosofia e os valores da marca do cliente. Esta oportunidade n\u00e3o s\u00f3 permite \u00e0s empresas alargar a sua oferta comercial com produtos exclusivos, mas tamb\u00e9m oferece a vantagem de se diferenciar no mercado gra\u00e7as a solu\u00e7\u00f5es inovadoras e personalizadas. <\/p> <p style=\"text-align: justify;\">O profissionalismo e a aten\u00e7\u00e3o aos detalhes da equipa de VMD It\u00e1lia garantem uma gest\u00e3o completa do processo, desde a conce\u00e7\u00e3o do produto at\u00e9 \u00e0 sua realiza\u00e7\u00e3o final. Isto inclui a sele\u00e7\u00e3o cuidadosa das mat\u00e9rias-primas, o desenvolvimento de f\u00f3rmulas espec\u00edficas de acordo com as exig\u00eancias do cliente, o design da embalagem e o apoio nas estrat\u00e9gias de marketing para o lan\u00e7amento do produto. <\/p> <p style=\"text-align: justify;\">Em suma, a VMD Italia est\u00e1 empenhada em oferecer um servi\u00e7o completo e altamente personalizado de marcas pr\u00f3prias, que se distingue pela sua qualidade, inova\u00e7\u00e3o e capacidade de responder eficazmente \u00e0s diferentes necessidades dos seus clientes. <\/p> <p style=\"text-align: center;\">O objetivo \u00e9 construir parcerias fortes e duradouras baseadas na confian\u00e7a m\u00fatua e no sucesso partilhado.<\/p>\n<h2 style=\"text-align: center;\">EXPERIMENTA O NOSSO CONFIGURADOR 3D INTERACTIVO<\/h2> <p style=\"text-align: center;\">Com apenas alguns cliques, podes ver uma pr\u00e9-visualiza\u00e7\u00e3o interactiva em 3D do teu produto!<\/p>\n<img src=\"https:\/\/www.vmditalia.com\/wp-content\/uploads\/2024\/09\/private-label-729x588.jpg\" width=\"729\" height=\"588\" title=\"private label\" alt=\"1: SCEGLI IL TAPPO 2: VISUALIZZA IL 3D INTERATTIVO 3: VISUALIZZA IL 3D INTERATTIVO\">\n<a href=\"https:\/\/www.vmditalia.com\/3d\/index.html\" target=\"_blank\" rel=\"noopener\"> Experimenta agora! <em><svg aria-hidden=\"true\"><use href=\"#tf-ti-angle-right\"><\/use><\/svg><\/em> <\/a>\n<h2 style=\"text-align: left;\">Contacta-nos para todas as informa\u00e7\u00f5es<\/h2>\n[wpforms id=\"1041\"]","_links":{"self":[{"href":"https:\/\/www.vmditalia.com\/pt-pt\/wp-json\/wp\/v2\/pages\/3302","targetHints":{"allow":["GET"]}}],"collection":[{"href":"https:\/\/www.vmditalia.com\/pt-pt\/wp-json\/wp\/v2\/pages"}],"about":[{"href":"https:\/\/www.vmditalia.com\/pt-pt\/wp-json\/wp\/v2\/types\/page"}],"author":[{"embeddable":true,"href":"https:\/\/www.vmditalia.com\/pt-pt\/wp-json\/wp\/v2\/users\/1"}],"replies":[{"embeddable":true,"href":"https:\/\/www.vmditalia.com\/pt-pt\/wp-json\/wp\/v2\/comments?post=3302"}],"version-history":[{"count":5,"href":"https:\/\/www.vmditalia.com\/pt-pt\/wp-json\/wp\/v2\/pages\/3302\/revisions"}],"predecessor-version":[{"id":3322,"href":"https:\/\/www.vmditalia.com\/pt-pt\/wp-json\/wp\/v2\/pages\/3302\/revisions\/3322"}],"wp:attachment":[{"href":"https:\/\/www.vmditalia.com\/pt-pt\/wp-json\/wp\/v2\/media?parent=3302"}],"curies":[{"name":"wp","href":"https:\/\/api.w.org\/{rel}","templated":true}]}}