{"id":3223,"date":"2024-06-27T12:09:58","date_gmt":"2024-06-27T10:09:58","guid":{"rendered":"https:\/\/www.vmditalia.com\/ponte-en-contacto-con\/"},"modified":"2026-03-18T14:38:31","modified_gmt":"2026-03-18T13:38:31","slug":"ponte-en-contacto-con","status":"publish","type":"page","link":"https:\/\/www.vmditalia.com\/es\/ponte-en-contacto-con\/","title":{"rendered":"Ponte en contacto con"},"content":{"rendered":"<!--themify_builder_content-->\n<div id=\"themify_builder_content-3223\" data-postid=\"3223\" class=\"themify_builder_content themify_builder_content-3223 themify_builder tf_clear\">\n                    <div  data-lazy=\"1\" class=\"module_row themify_builder_row tb_67vr006 tb_first tf_w\">\n                        <div class=\"row_inner col_align_top tb_col_count_1 tf_box tf_rel\">\n                        <div  data-lazy=\"1\" class=\"module_column tb-column col-full tb_0k3n333 first\">\n                    <!-- module plain text -->\n<div  class=\"module module-plain-text tb_a3bi771 \" data-lazy=\"1\">\n        <div class=\"tb_text_wrap\">\n        <\/div>\n<\/div>\n<!-- \/module plain text -->        <\/div>\n                        <\/div>\n        <\/div>\n                        <div  data-lazy=\"1\" class=\"module_row themify_builder_row tb_qcwb987 tf_w\">\n                        <div class=\"row_inner col_align_top tb_col_count_2 tf_box tf_rel\">\n                        <div  data-lazy=\"1\" class=\"module_column tb-column col4-2 tb_o9m7987 first\">\n                    <!-- module text -->\n<div  class=\"module module-text tb_chk1663   \" data-lazy=\"1\">\n        <div  class=\"tb_text_wrap\">\n        <h3>VMD Italia S.R.L.<\/h3>\n<p style=\"margin-bottom: 0px\">Via Amerigo Vespucci, 9<\/p>\n<p style=\"margin-bottom: 0px\">26010 Ripalta Cremasca (CR)<\/p>\n<p style=\"margin-bottom: 0px\"><a href=\"tel:+390373268299\">Tel: +39 0373 268299<\/a><\/p>\n<p style=\"margin-bottom: 0px\">Fax: +39 0373 688982<\/p>\n<p style=\"margin-bottom: 0px\">IVA y C\u00f3digo Fiscal 02350880163<\/p>\n<p style=\"margin-bottom: 0px\">Correo electr\u00f3nico: <a href=\"mailto:info@vmditalia.it\">info@vmditalia.it<\/a><\/p>    <\/div>\n<\/div>\n<!-- \/module text --><!-- module text -->\n<div  class=\"module module-text tb_j7zd599   \" data-lazy=\"1\">\n        <div  class=\"tb_text_wrap\">\n        <h3>VMD Espana Aerosol Technology sl<\/h3>\n<p style=\"margin-bottom: 0px\">Almacen Log\u00edstica OMEGA SL<\/p>\n<p style=\"margin-bottom: 0px\">CTRA.A-I KM.31.700 (Salida 30)<\/p>\n<p style=\"margin-bottom: 0px\">28750 San Agust\u00edn del Guadalix (Madrid)<\/p>\n<p style=\"margin-bottom: 0px\"><a href=\"tel:+34918487857\">Tel: +34 918487857<\/a><\/p>\n<p style=\"margin-bottom: 0px\">Fax: +34 918414927<\/p>\n<p style=\"margin-bottom: 0px\">Correo electr\u00f3nico: <a href=\"mailto:info@vmdespana.es\">info@vmdespana.es<\/a><\/p>    <\/div>\n<\/div>\n<!-- \/module text -->        <\/div>\n                    <div  data-lazy=\"1\" class=\"module_column tb-column col4-2 tb_h8nj175 last\">\n                    <!-- module text -->\n<div  class=\"module module-text tb_z3r8540   \" data-lazy=\"1\">\n        <div  class=\"tb_text_wrap\">\n        <h3>Contacta con nosotros<\/h3>    <\/div>\n<\/div>\n<!-- \/module text --><!-- module plain text -->\n<div  class=\"module module-plain-text tb_wa7f166 \" data-lazy=\"1\">\n        <div class=\"tb_text_wrap\">\n    <style id=\"wpforms-css-vars-1530\">\n\t\t\t\t#wpforms-1530 {\n\t\t\t\t--wpforms-container-padding: 0px;\n--wpforms-container-border-width: 1px;\n--wpforms-container-border-radius: 3px;\n--wpforms-background-color: rgba(0, 0, 0, 0);\n--wpforms-field-size-input-height: 43px;\n--wpforms-field-size-input-spacing: 15px;\n--wpforms-field-size-font-size: 16px;\n--wpforms-field-size-line-height: 19px;\n--wpforms-field-size-padding-h: 14px;\n--wpforms-field-size-checkbox-size: 16px;\n--wpforms-field-size-sublabel-spacing: 5px;\n--wpforms-field-size-icon-size: 1;\n--wpforms-label-size-font-size: 16px;\n--wpforms-label-size-line-height: 19px;\n--wpforms-label-size-sublabel-font-size: 14px;\n--wpforms-label-size-sublabel-line-height: 17px;\n--wpforms-button-size-font-size: 17px;\n--wpforms-button-size-height: 41px;\n--wpforms-button-size-padding-h: 15px;\n--wpforms-button-size-margin-top: 10px;\n--wpforms-container-shadow-size-box-shadow: none;\n\t\t\t}\n\t\t\t<\/style><div class=\"wpforms-container wpforms-container-full wpforms-render-modern\" id=\"wpforms-1530\"><form id=\"wpforms-form-1530\" class=\"wpforms-validate wpforms-form wpforms-ajax-form\" data-formid=\"1530\" method=\"post\" enctype=\"multipart\/form-data\" action=\"\/es\/wp-json\/wp\/v2\/pages\/3223\" data-token=\"440d3df565f2288d50982318aa0d8ac9\" data-token-time=\"1777758862\"><noscript class=\"wpforms-error-noscript\">Por favor, activa JavaScript en tu navegador para completar este formulario.<\/noscript><div id=\"wpforms-error-noscript\" style=\"display: none;\">Por favor, activa JavaScript en tu navegador para completar este formulario.<\/div><div class=\"wpforms-field-container\"><div id=\"wpforms-1530-field_1-container\" class=\"wpforms-field wpforms-field-text wpforms-one-half wpforms-first\" data-field-id=\"1\"><label class=\"wpforms-field-label\" for=\"wpforms-1530-field_1\">Nombre y apellidos <span class=\"wpforms-required-label\" aria-hidden=\"true\">*<\/span><\/label><input type=\"text\" id=\"wpforms-1530-field_1\" class=\"wpforms-field-large wpforms-field-required\" name=\"wpforms[fields][1]\" aria-errormessage=\"wpforms-1530-field_1-error\" required><\/div><div id=\"wpforms-1530-field_2-container\" class=\"wpforms-field wpforms-field-text wpforms-one-half\" data-field-id=\"2\"><label class=\"wpforms-field-label\" for=\"wpforms-1530-field_2\">Nombre de la empresa<\/label><input type=\"text\" id=\"wpforms-1530-field_2\" class=\"wpforms-field-large\" name=\"wpforms[fields][2]\" aria-errormessage=\"wpforms-1530-field_2-error\" ><\/div><div id=\"wpforms-1530-field_3-container\" class=\"wpforms-field wpforms-field-email wpforms-one-half wpforms-first\" data-field-id=\"3\"><label class=\"wpforms-field-label\" for=\"wpforms-1530-field_3\">Env\u00eda un correo electr\u00f3nico a <span class=\"wpforms-required-label\" aria-hidden=\"true\">*<\/span><\/label><input type=\"email\" id=\"wpforms-1530-field_3\" class=\"wpforms-field-large wpforms-field-required\" name=\"wpforms[fields][3]\" spellcheck=\"false\" aria-errormessage=\"wpforms-1530-field_3-error\" required><\/div><div id=\"wpforms-1530-field_4-container\" class=\"wpforms-field wpforms-field-text wpforms-one-half\" data-field-id=\"4\"><label class=\"wpforms-field-label\" for=\"wpforms-1530-field_4\">N\u00famero de tel\u00e9fono<\/label><input type=\"text\" id=\"wpforms-1530-field_4\" class=\"wpforms-field-large\" name=\"wpforms[fields][4]\" aria-errormessage=\"wpforms-1530-field_4-error\" ><\/div><div id=\"wpforms-1530-field_5-container\" class=\"wpforms-field wpforms-field-textarea\" data-field-id=\"5\"><label class=\"wpforms-field-label\" for=\"wpforms-1530-field_5\">Mensaje<\/label><textarea id=\"wpforms-1530-field_5\" class=\"wpforms-field-medium\" name=\"wpforms[fields][5]\" aria-errormessage=\"wpforms-1530-field_5-error\" ><\/textarea><\/div><div id=\"wpforms-1530-field_6-container\" class=\"wpforms-field wpforms-field-checkbox\" data-field-id=\"6\"><fieldset><legend class=\"wpforms-field-label\">Consentimiento y privacidad <span class=\"wpforms-required-label\" aria-hidden=\"true\">*<\/span><\/legend><ul id=\"wpforms-1530-field_6\" class=\"wpforms-field-required\"><li class=\"choice-1 depth-1\"><input type=\"checkbox\" id=\"wpforms-1530-field_6_1\" name=\"wpforms[fields][6][]\" value=\"He le\u00eddo la informaci\u00f3n sobre el tratamiento de datos personales de conformidad con los art\u00edculos 13-14 del GDPR - Reglamento 2016\/679\/UE - &lt;a href=&quot;https:\/\/vmditalia.com\/pdf\/INFORMATIVA-CLIENTI-VMD-REV00.pdf&quot;&gt;Pol\u00edtica de privacidad&lt;\/a&gt;\" aria-errormessage=\"wpforms-1530-field_6_1-error\" required ><label class=\"wpforms-field-label-inline\" for=\"wpforms-1530-field_6_1\">He le\u00eddo la informaci\u00f3n sobre el tratamiento de datos personales de conformidad con los art\u00edculos 13-14 del GDPR - Reglamento 2016\/679\/UE - <a href=\"https:\/\/vmditalia.com\/pdf\/INFORMATIVA-CLIENTI-VMD-REV00.pdf\">Pol\u00edtica de privacidad<\/a><\/label><\/li><li class=\"choice-2 depth-1\"><input type=\"checkbox\" id=\"wpforms-1530-field_6_2\" name=\"wpforms[fields][6][]\" value=\"Doy mi consentimiento para el tratamiento de mis datos personales con fines de marketing, como se indica en la Pol\u00edtica de &lt;a href=&quot;https:\/\/vmditalia.com\/pdf\/INFORMATIVA-CLIENTI-VMD-REV00.pdf&quot;&gt;Privacidad&lt;\/a&gt;\" aria-errormessage=\"wpforms-1530-field_6_2-error\" required ><label class=\"wpforms-field-label-inline\" for=\"wpforms-1530-field_6_2\">Doy mi consentimiento para el tratamiento de mis datos personales con fines de marketing, como se indica en la Pol\u00edtica de <a href=\"https:\/\/vmditalia.com\/pdf\/INFORMATIVA-CLIENTI-VMD-REV00.pdf\">Privacidad<\/a><\/label><\/li><\/ul><\/fieldset><\/div><\/div><!-- .wpforms-field-container --><div class=\"wpforms-submit-container\" ><input type=\"hidden\" name=\"wpforms[id]\" value=\"1530\"><input type=\"hidden\" name=\"page_title\" value=\"\"><input type=\"hidden\" name=\"page_url\" value=\"https:\/\/www.vmditalia.com\/es\/wp-json\/wp\/v2\/pages\/3223\"><input type=\"hidden\" name=\"url_referer\" value=\"\"><button type=\"submit\" name=\"wpforms[submit]\" id=\"wpforms-submit-1530\" class=\"wpforms-submit\" data-alt-text=\"Enviando...\" data-submit-text=\"Env\u00eda\" aria-live=\"assertive\" value=\"wpforms-submit\">Env\u00eda<\/button><img loading=\"lazy\" decoding=\"async\" src=\"https:\/\/www.vmditalia.com\/wp-content\/plugins\/wpforms-lite\/assets\/images\/submit-spin.svg\" class=\"wpforms-submit-spinner\" style=\"display: none;\" width=\"26\" height=\"26\" alt=\"Cargando\"><\/div><\/form><\/div>  <!-- .wpforms-container -->    <\/div>\n<\/div>\n<!-- \/module plain text -->        <\/div>\n                        <\/div>\n        <\/div>\n                        <div  data-lazy=\"1\" class=\"module_row themify_builder_row tb_bhmg530 tf_w\">\n                        <div class=\"row_inner col_align_top tb_col_count_1 tf_box tf_rel\">\n                        <div  data-lazy=\"1\" class=\"module_column tb-column col-full tb_m4gi530 first\">\n                            <\/div>\n                        <\/div>\n        <\/div>\n        <\/div>\n<!--\/themify_builder_content-->","protected":false},"excerpt":{"rendered":"<p>VMD Italia S.R.L. Via Amerigo Vespucci, 9 26010 Ripalta Cremasca (CR) Tel: +39 0373 268299 Fax: +39 0373 688982 IVA y C\u00f3digo Fiscal 02350880163 Correo electr\u00f3nico: info@vmditalia.it VMD Espana Aerosol Technology sl Almacen Log\u00edstica OMEGA SL CTRA.A-I KM.31.700 (Salida 30) 28750 San Agust\u00edn del Guadalix (Madrid) Tel: +34 918487857 Fax: +34 918414927 Correo electr\u00f3nico: info@vmdespana.es [&hellip;]<\/p>\n","protected":false},"author":1,"featured_media":0,"parent":0,"menu_order":0,"comment_status":"closed","ping_status":"closed","template":"","meta":{"footnotes":""},"class_list":["post-3223","page","type-page","status-publish","hentry","has-post-title","has-post-date","has-post-category","has-post-tag","has-post-comment","has-post-author",""],"builder_content":"\n<h3>VMD Italia S.R.L.<\/h3> <p style=\"margin-bottom: 0px\">Via Amerigo Vespucci, 9<\/p> <p style=\"margin-bottom: 0px\">26010 Ripalta Cremasca (CR)<\/p> <p style=\"margin-bottom: 0px\"><a href=\"tel:+390373268299\">Tel: +39 0373 268299<\/a><\/p> <p style=\"margin-bottom: 0px\">Fax: +39 0373 688982<\/p> <p style=\"margin-bottom: 0px\">IVA y C\u00f3digo Fiscal 02350880163<\/p> <p style=\"margin-bottom: 0px\">Correo electr\u00f3nico: <a href=\"mailto:info@vmditalia.it\">info@vmditalia.it<\/a><\/p>\n<h3>VMD Espana Aerosol Technology sl<\/h3> <p style=\"margin-bottom: 0px\">Almacen Log\u00edstica OMEGA SL<\/p> <p style=\"margin-bottom: 0px\">CTRA.A-I KM.31.700 (Salida 30)<\/p> <p style=\"margin-bottom: 0px\">28750 San Agust\u00edn del Guadalix (Madrid)<\/p> <p style=\"margin-bottom: 0px\"><a href=\"tel:+34918487857\">Tel: +34 918487857<\/a><\/p> <p style=\"margin-bottom: 0px\">Fax: +34 918414927<\/p> <p style=\"margin-bottom: 0px\">Correo electr\u00f3nico: <a href=\"mailto:info@vmdespana.es\">info@vmdespana.es<\/a><\/p>\n<h3>Contacta con nosotros<\/h3>\n[wpforms id=\"1530\"]","_links":{"self":[{"href":"https:\/\/www.vmditalia.com\/es\/wp-json\/wp\/v2\/pages\/3223","targetHints":{"allow":["GET"]}}],"collection":[{"href":"https:\/\/www.vmditalia.com\/es\/wp-json\/wp\/v2\/pages"}],"about":[{"href":"https:\/\/www.vmditalia.com\/es\/wp-json\/wp\/v2\/types\/page"}],"author":[{"embeddable":true,"href":"https:\/\/www.vmditalia.com\/es\/wp-json\/wp\/v2\/users\/1"}],"replies":[{"embeddable":true,"href":"https:\/\/www.vmditalia.com\/es\/wp-json\/wp\/v2\/comments?post=3223"}],"version-history":[{"count":1,"href":"https:\/\/www.vmditalia.com\/es\/wp-json\/wp\/v2\/pages\/3223\/revisions"}],"predecessor-version":[{"id":3224,"href":"https:\/\/www.vmditalia.com\/es\/wp-json\/wp\/v2\/pages\/3223\/revisions\/3224"}],"wp:attachment":[{"href":"https:\/\/www.vmditalia.com\/es\/wp-json\/wp\/v2\/media?parent=3223"}],"curies":[{"name":"wp","href":"https:\/\/api.w.org\/{rel}","templated":true}]}}