{"id":3214,"date":"2024-05-02T19:42:50","date_gmt":"2024-05-02T17:42:50","guid":{"rendered":"https:\/\/www.vmditalia.com\/marca-blanca\/"},"modified":"2026-03-18T14:38:29","modified_gmt":"2026-03-18T13:38:29","slug":"marca-blanca","status":"publish","type":"page","link":"https:\/\/www.vmditalia.com\/es\/marca-blanca\/","title":{"rendered":"Marca blanca"},"content":{"rendered":"<!--themify_builder_content-->\n<div id=\"themify_builder_content-3214\" data-postid=\"3214\" class=\"themify_builder_content themify_builder_content-3214 themify_builder tf_clear\">\n                    <div  data-css_id=\"5e2v667\" data-lazy=\"1\" class=\"module_row themify_builder_row fullwidth tb_5e2v667 tb_first tf_w\">\n                        <div class=\"row_inner col_align_top tb_col_count_1 tf_box tf_rel\">\n                        <div  data-lazy=\"1\" class=\"module_column tb-column col-full tb_pp2p636 first\">\n                    <!-- module image -->\n<div  class=\"module module-image tb_8h9b630 image-center   auto_fullwidth tf_mw\" data-lazy=\"1\">\n        <div class=\"image-wrap tf_rel tf_mw\">\n            <img loading=\"lazy\" decoding=\"async\" width=\"953\" height=\"300\" src=\"https:\/\/www.vmditalia.com\/wp-content\/uploads\/2024\/05\/953x300-IMMAGINE-PRIVATE-LABEL2.jpg\" class=\"wp-post-image wp-image-1182\" title=\"953x300-IMMAGINE-PRIVATE-LABEL2\" alt=\"PRIVATE-LABEL\" srcset=\"https:\/\/www.vmditalia.com\/wp-content\/uploads\/2024\/05\/953x300-IMMAGINE-PRIVATE-LABEL2.jpg 953w, https:\/\/www.vmditalia.com\/wp-content\/uploads\/2024\/05\/953x300-IMMAGINE-PRIVATE-LABEL2-300x94.jpg 300w, https:\/\/www.vmditalia.com\/wp-content\/uploads\/2024\/05\/953x300-IMMAGINE-PRIVATE-LABEL2-768x242.jpg 768w\" sizes=\"auto, (max-width: 953px) 100vw, 953px\" \/>    \n        <\/div>\n    <!-- \/image-wrap -->\n    \n        <\/div>\n<!-- \/module image --><!-- module text -->\n<div  class=\"module module-text tb_h2hn633   \" data-lazy=\"1\">\n        <div  class=\"tb_text_wrap\">\n        <p style=\"text-align: justify\"><span style=\"font-weight: bold\">VMD Italia<\/span>, empresa l\u00edder en el sector de los aerosoles t\u00e9cnicos, <span style=\"font-weight: bold\">ofrece un servicio exclusivo y personalizado de marca blanca.<\/span> Este servicio est\u00e1 destinado a todos sus clientes que deseen utilizar su propia marca para el producto elegido. El principal objetivo de VMD Italia es ofrecer soluciones a medida que satisfagan eficazmente las necesidades y requisitos espec\u00edficos de sus clientes. <\/p>\n<p style=\"text-align: justify\">A trav\u00e9s de <span style=\"font-weight: bold\">su<\/span> servicio de marca blanca, <span style=\"font-weight: bold\">VMD Italia permite a sus clientes comercializar productos con su propia marca<\/span>, garantizando al mismo tiempo <span style=\"font-weight: bold\">unos elevados est\u00e1ndares de calidad y una identidad visual coherente<\/span> con la filosof\u00eda y los valores de la marca del cliente. Esta oportunidad no s\u00f3lo permite a las empresas ampliar su oferta comercial con productos exclusivos, sino que tambi\u00e9n ofrece la ventaja de diferenciarse en el mercado gracias a soluciones innovadoras y personalizadas. <\/p>\n<p style=\"text-align: justify\">El enfoque profesional y la atenci\u00f3n al detalle del equipo de <span style=\"font-weight: bold\">VMD Italia garantizan la gesti\u00f3n completa del proceso<\/span>, desde el dise\u00f1o del producto hasta su realizaci\u00f3n final. Esto incluye la <span style=\"font-weight: bold\">cuidadosa selecci\u00f3n de materias primas<\/span>, el <span style=\"font-weight: bold\">desarrollo de f\u00f3rmulas espec\u00edficas<\/span> seg\u00fan los requisitos del cliente, el <span style=\"font-weight: bold\">dise\u00f1o del envase<\/span> y el apoyo en las <span style=\"font-weight: bold\">estrategias de marketing<\/span> para el lanzamiento del producto. <\/p>\n<p style=\"text-align: justify\">En resumen, VMD Italia se compromete a ofrecer un servicio de marca blanca completo y altamente personalizado, que destaca por su calidad, innovaci\u00f3n y capacidad para responder eficazmente a las distintas necesidades de sus clientes.  <\/p>\n<p style=\"text-align: center\"><span style=\"font-style: italic;text-decoration: underline\">El objetivo es crear asociaciones s\u00f3lidas y duraderas basadas en la confianza mutua y el \u00e9xito compartido.<\/span><\/p>    <\/div>\n<\/div>\n<!-- \/module text --><!-- module text -->\n<div  class=\"module module-text tb_cnek929   \" data-lazy=\"1\">\n        <div  class=\"tb_text_wrap\">\n        <h2 style=\"text-align: center\">PRUEBA NUESTRO CONFIGURADOR INTERACTIVO 3D<\/h2>\n<p style=\"text-align: center\">\u00a1Con unos pocos clics puedes ver una vista previa interactiva en 3D de tu producto!<\/p>    <\/div>\n<\/div>\n<!-- \/module text -->        <\/div>\n                        <\/div>\n        <\/div>\n                        <div  data-css_id=\"ppk3464\" data-lazy=\"1\" class=\"module_row themify_builder_row fullwidth tb_ppk3464 tf_w\">\n                        <div class=\"row_inner col_align_top tb_col_count_3 tf_box tf_rel\">\n                        <div  data-lazy=\"1\" class=\"module_column tb-column col3-1 tb_bpur464 first\">\n                            <\/div>\n                    <div  data-lazy=\"1\" class=\"module_column tb-column col3-1 tb_wucs921\">\n                    <!-- module image -->\n<div  class=\"module module-image tb_1wf7766 image-top   tf_mw\" data-lazy=\"1\">\n        <div class=\"image-wrap tf_rel tf_mw\">\n            <img loading=\"lazy\" decoding=\"async\" src=\"https:\/\/www.vmditalia.com\/wp-content\/uploads\/2024\/09\/private-label-729x588.jpg\" width=\"729\" height=\"588\" class=\"wp-post-image wp-image-1497\" title=\"private label\" alt=\"1: SCEGLI IL TAPPO 2: VISUALIZZA IL 3D INTERATTIVO 3: VISUALIZZA IL 3D INTERATTIVO\">    \n        <\/div>\n    <!-- \/image-wrap -->\n    \n        <\/div>\n<!-- \/module image --><!-- module buttons -->\n<div  class=\"module module-buttons tb_56nk350 buttons-horizontal solid  large circle buttons-fullwidth\" data-lazy=\"1\">\n        <div class=\"module-buttons-item tf_in_flx\">\n                        <a href=\"https:\/\/www.vmditalia.com\/3d\/index.html\" class=\"ui builder_button tf_in_flx red\" target=\"_blank\" rel=\"noopener\">\n                                                \u00a1Pru\u00e9balo ahora!                                        <em><svg  class=\"tf_fa tf-ti-angle-right\" aria-hidden=\"true\"><use href=\"#tf-ti-angle-right\"><\/use><\/svg><\/em>                            <\/a>\n                <\/div>\n            <\/div>\n<!-- \/module buttons -->\n        <\/div>\n                    <div  data-lazy=\"1\" class=\"module_column tb-column col3-1 tb_8chh921 last\">\n                            <\/div>\n                        <\/div>\n        <\/div>\n                        <div  data-lazy=\"1\" class=\"module_row themify_builder_row tb_5hf6364 tf_w\">\n                        <div class=\"row_inner col_align_top tb_col_count_1 tf_box tf_rel\">\n                        <div  data-lazy=\"1\" class=\"module_column tb-column col-full tb_9u02364 first\">\n                    <!-- module text -->\n<div  class=\"module module-text tb_izmt929   \" data-lazy=\"1\">\n        <div  class=\"tb_text_wrap\">\n        <h2 style=\"text-align: left\">Contacta con nosotros para toda la informaci\u00f3n<\/h2>    <\/div>\n<\/div>\n<!-- \/module text --><!-- module plain text -->\n<div  class=\"module module-plain-text tb_dwd9291 \" data-lazy=\"1\">\n        <div class=\"tb_text_wrap\">\n    <style id=\"wpforms-css-vars-1041\">\n\t\t\t\t#wpforms-1041 {\n\t\t\t\t--wpforms-container-padding: 0px;\n--wpforms-container-border-width: 1px;\n--wpforms-container-border-radius: 3px;\n--wpforms-background-color: rgba(0, 0, 0, 0);\n--wpforms-field-size-input-height: 43px;\n--wpforms-field-size-input-spacing: 15px;\n--wpforms-field-size-font-size: 16px;\n--wpforms-field-size-line-height: 19px;\n--wpforms-field-size-padding-h: 14px;\n--wpforms-field-size-checkbox-size: 16px;\n--wpforms-field-size-sublabel-spacing: 5px;\n--wpforms-field-size-icon-size: 1;\n--wpforms-label-size-font-size: 16px;\n--wpforms-label-size-line-height: 19px;\n--wpforms-label-size-sublabel-font-size: 14px;\n--wpforms-label-size-sublabel-line-height: 17px;\n--wpforms-button-size-font-size: 17px;\n--wpforms-button-size-height: 41px;\n--wpforms-button-size-padding-h: 15px;\n--wpforms-button-size-margin-top: 10px;\n--wpforms-container-shadow-size-box-shadow: none;\n\t\t\t}\n\t\t\t<\/style><div class=\"wpforms-container wpforms-container-full wpforms-render-modern\" id=\"wpforms-1041\"><form id=\"wpforms-form-1041\" class=\"wpforms-validate wpforms-form wpforms-ajax-form\" data-formid=\"1041\" method=\"post\" enctype=\"multipart\/form-data\" action=\"\/es\/wp-json\/wp\/v2\/pages\/3214\" data-token=\"27fa0234e863ff2cb6caf4a9dccd117e\" data-token-time=\"1777753882\"><noscript class=\"wpforms-error-noscript\">Por favor, activa JavaScript en tu navegador para completar este formulario.<\/noscript><div id=\"wpforms-error-noscript\" style=\"display: none;\">Por favor, activa JavaScript en tu navegador para completar este formulario.<\/div><div class=\"wpforms-field-container\"><div id=\"wpforms-1041-field_1-container\" class=\"wpforms-field wpforms-field-text wpforms-one-half wpforms-first\" data-field-id=\"1\"><label class=\"wpforms-field-label\" for=\"wpforms-1041-field_1\">Nombre y apellidos <span class=\"wpforms-required-label\" aria-hidden=\"true\">*<\/span><\/label><input type=\"text\" id=\"wpforms-1041-field_1\" class=\"wpforms-field-large wpforms-field-required\" name=\"wpforms[fields][1]\" aria-errormessage=\"wpforms-1041-field_1-error\" required><\/div><div id=\"wpforms-1041-field_2-container\" class=\"wpforms-field wpforms-field-text wpforms-one-half\" data-field-id=\"2\"><label class=\"wpforms-field-label\" for=\"wpforms-1041-field_2\">Nombre de la empresa<\/label><input type=\"text\" id=\"wpforms-1041-field_2\" class=\"wpforms-field-large\" name=\"wpforms[fields][2]\" aria-errormessage=\"wpforms-1041-field_2-error\" ><\/div><div id=\"wpforms-1041-field_3-container\" class=\"wpforms-field wpforms-field-email wpforms-one-half wpforms-first\" data-field-id=\"3\"><label class=\"wpforms-field-label\" for=\"wpforms-1041-field_3\">Env\u00eda un correo electr\u00f3nico a <span class=\"wpforms-required-label\" aria-hidden=\"true\">*<\/span><\/label><input type=\"email\" id=\"wpforms-1041-field_3\" class=\"wpforms-field-large wpforms-field-required\" name=\"wpforms[fields][3]\" spellcheck=\"false\" aria-errormessage=\"wpforms-1041-field_3-error\" required><\/div><div id=\"wpforms-1041-field_4-container\" class=\"wpforms-field wpforms-field-text wpforms-one-half\" data-field-id=\"4\"><label class=\"wpforms-field-label\" for=\"wpforms-1041-field_4\">N\u00famero de tel\u00e9fono<\/label><input type=\"text\" id=\"wpforms-1041-field_4\" class=\"wpforms-field-large\" name=\"wpforms[fields][4]\" aria-errormessage=\"wpforms-1041-field_4-error\" ><\/div><div id=\"wpforms-1041-field_5-container\" class=\"wpforms-field wpforms-field-textarea\" data-field-id=\"5\"><label class=\"wpforms-field-label\" for=\"wpforms-1041-field_5\">Mensaje<\/label><textarea id=\"wpforms-1041-field_5\" class=\"wpforms-field-medium\" name=\"wpforms[fields][5]\" aria-errormessage=\"wpforms-1041-field_5-error\" ><\/textarea><\/div><div id=\"wpforms-1041-field_6-container\" class=\"wpforms-field wpforms-field-checkbox\" data-field-id=\"6\"><fieldset><legend class=\"wpforms-field-label\">Consentimiento y privacidad <span class=\"wpforms-required-label\" aria-hidden=\"true\">*<\/span><\/legend><ul id=\"wpforms-1041-field_6\" class=\"wpforms-field-required\"><li class=\"choice-1 depth-1\"><input type=\"checkbox\" id=\"wpforms-1041-field_6_1\" name=\"wpforms[fields][6][]\" value=\"He le\u00eddo la informaci\u00f3n sobre el tratamiento de datos personales de conformidad con los art\u00edculos 13-14 del GDPR - Reglamento 2016\/679\/UE - &lt;a href=&quot;https:\/\/vmditalia.com\/pdf\/INFORMATIVA-CLIENTI-VMD-REV00.pdf&quot;&gt;Pol\u00edtica de privacidad&lt;\/a&gt;\" aria-errormessage=\"wpforms-1041-field_6_1-error\" required ><label class=\"wpforms-field-label-inline\" for=\"wpforms-1041-field_6_1\">He le\u00eddo la informaci\u00f3n sobre el tratamiento de datos personales de conformidad con los art\u00edculos 13-14 del GDPR - Reglamento 2016\/679\/UE - <a href=\"https:\/\/vmditalia.com\/pdf\/INFORMATIVA-CLIENTI-VMD-REV00.pdf\">Pol\u00edtica de privacidad<\/a><\/label><\/li><li class=\"choice-2 depth-1\"><input type=\"checkbox\" id=\"wpforms-1041-field_6_2\" name=\"wpforms[fields][6][]\" value=\"Doy mi consentimiento para el tratamiento de mis datos personales con fines de marketing, como se indica en la Pol\u00edtica de &lt;a href=&quot;https:\/\/vmditalia.com\/pdf\/INFORMATIVA-CLIENTI-VMD-REV00.pdf&quot;&gt;Privacidad&lt;\/a&gt;\" aria-errormessage=\"wpforms-1041-field_6_2-error\" required ><label class=\"wpforms-field-label-inline\" for=\"wpforms-1041-field_6_2\">Doy mi consentimiento para el tratamiento de mis datos personales con fines de marketing, como se indica en la Pol\u00edtica de <a href=\"https:\/\/vmditalia.com\/pdf\/INFORMATIVA-CLIENTI-VMD-REV00.pdf\">Privacidad<\/a><\/label><\/li><\/ul><\/fieldset><\/div><\/div><!-- .wpforms-field-container --><div class=\"wpforms-submit-container\" ><input type=\"hidden\" name=\"wpforms[id]\" value=\"1041\"><input type=\"hidden\" name=\"page_title\" value=\"\"><input type=\"hidden\" name=\"page_url\" value=\"https:\/\/www.vmditalia.com\/es\/wp-json\/wp\/v2\/pages\/3214\"><input type=\"hidden\" name=\"url_referer\" value=\"\"><button type=\"submit\" name=\"wpforms[submit]\" id=\"wpforms-submit-1041\" class=\"wpforms-submit\" data-alt-text=\"Enviando...\" data-submit-text=\"Env\u00eda\" aria-live=\"assertive\" value=\"wpforms-submit\">Env\u00eda<\/button><img loading=\"lazy\" decoding=\"async\" src=\"https:\/\/www.vmditalia.com\/wp-content\/plugins\/wpforms-lite\/assets\/images\/submit-spin.svg\" class=\"wpforms-submit-spinner\" style=\"display: none;\" width=\"26\" height=\"26\" alt=\"Cargando\"><\/div><\/form><\/div>  <!-- .wpforms-container -->    <\/div>\n<\/div>\n<!-- \/module plain text -->        <\/div>\n                        <\/div>\n        <\/div>\n        <\/div>\n<!--\/themify_builder_content-->","protected":false},"excerpt":{"rendered":"<p>VMD Italia, empresa l\u00edder en el sector de los aerosoles t\u00e9cnicos, ofrece un servicio exclusivo y personalizado de marca blanca. Este servicio est\u00e1 destinado a todos sus clientes que deseen utilizar su propia marca para el producto elegido. El principal objetivo de VMD Italia es ofrecer soluciones a medida que satisfagan eficazmente las necesidades y [&hellip;]<\/p>\n","protected":false},"author":1,"featured_media":0,"parent":0,"menu_order":0,"comment_status":"closed","ping_status":"closed","template":"","meta":{"footnotes":""},"class_list":["post-3214","page","type-page","status-publish","hentry","has-post-title","has-post-date","has-post-category","has-post-tag","has-post-comment","has-post-author",""],"builder_content":"<img src=\"https:\/\/www.vmditalia.com\/wp-content\/uploads\/2024\/05\/953x300-IMMAGINE-PRIVATE-LABEL2.jpg\" title=\"953x300-IMMAGINE-PRIVATE-LABEL2\" alt=\"PRIVATE-LABEL\" srcset=\"https:\/\/www.vmditalia.com\/wp-content\/uploads\/2024\/05\/953x300-IMMAGINE-PRIVATE-LABEL2.jpg 953w, https:\/\/www.vmditalia.com\/wp-content\/uploads\/2024\/05\/953x300-IMMAGINE-PRIVATE-LABEL2-300x94.jpg 300w, https:\/\/www.vmditalia.com\/wp-content\/uploads\/2024\/05\/953x300-IMMAGINE-PRIVATE-LABEL2-768x242.jpg 768w\" sizes=\"(max-width: 953px) 100vw, 953px\" \/>\n<p style=\"text-align: justify\">VMD Italia, empresa l\u00edder en el sector de los aerosoles t\u00e9cnicos, ofrece un servicio exclusivo y personalizado de marca blanca. Este servicio est\u00e1 destinado a todos sus clientes que deseen utilizar su propia marca para el producto elegido. El principal objetivo de VMD Italia es ofrecer soluciones a medida que satisfagan eficazmente las necesidades y requisitos espec\u00edficos de sus clientes. <\/p> <p style=\"text-align: justify\">A trav\u00e9s de su servicio de marca blanca, VMD Italia permite a sus clientes comercializar productos con su propia marca, garantizando al mismo tiempo unos elevados est\u00e1ndares de calidad y una identidad visual coherente con la filosof\u00eda y los valores de la marca del cliente. Esta oportunidad no s\u00f3lo permite a las empresas ampliar su oferta comercial con productos exclusivos, sino que tambi\u00e9n ofrece la ventaja de diferenciarse en el mercado gracias a soluciones innovadoras y personalizadas. <\/p> <p style=\"text-align: justify\">El enfoque profesional y la atenci\u00f3n al detalle del equipo de VMD Italia garantizan la gesti\u00f3n completa del proceso, desde el dise\u00f1o del producto hasta su realizaci\u00f3n final. Esto incluye la cuidadosa selecci\u00f3n de materias primas, el desarrollo de f\u00f3rmulas espec\u00edficas seg\u00fan los requisitos del cliente, el dise\u00f1o del envase y el apoyo en las estrategias de marketing para el lanzamiento del producto. <\/p> <p style=\"text-align: justify\">En resumen, VMD Italia se compromete a ofrecer un servicio de marca blanca completo y altamente personalizado, que destaca por su calidad, innovaci\u00f3n y capacidad para responder eficazmente a las distintas necesidades de sus clientes. <\/p> <p style=\"text-align: center\">El objetivo es crear asociaciones s\u00f3lidas y duraderas basadas en la confianza mutua y el \u00e9xito compartido.<\/p>\n<h2 style=\"text-align: center\">PRUEBA NUESTRO CONFIGURADOR INTERACTIVO 3D<\/h2> <p style=\"text-align: center\">\u00a1Con unos pocos clics puedes ver una vista previa interactiva en 3D de tu producto!<\/p>\n<img src=\"https:\/\/www.vmditalia.com\/wp-content\/uploads\/2024\/09\/private-label-729x588.jpg\" width=\"729\" height=\"588\" title=\"private label\" alt=\"1: SCEGLI IL TAPPO 2: VISUALIZZA IL 3D INTERATTIVO 3: VISUALIZZA IL 3D INTERATTIVO\">\n<a href=\"https:\/\/www.vmditalia.com\/3d\/index.html\" target=\"_blank\" rel=\"noopener\"> \u00a1Pru\u00e9balo ahora! <em><svg aria-hidden=\"true\"><use href=\"#tf-ti-angle-right\"><\/use><\/svg><\/em> <\/a>\n<h2 style=\"text-align: left\">Contacta con nosotros para toda la informaci\u00f3n<\/h2>\n[wpforms id=\"1041\"]","_links":{"self":[{"href":"https:\/\/www.vmditalia.com\/es\/wp-json\/wp\/v2\/pages\/3214","targetHints":{"allow":["GET"]}}],"collection":[{"href":"https:\/\/www.vmditalia.com\/es\/wp-json\/wp\/v2\/pages"}],"about":[{"href":"https:\/\/www.vmditalia.com\/es\/wp-json\/wp\/v2\/types\/page"}],"author":[{"embeddable":true,"href":"https:\/\/www.vmditalia.com\/es\/wp-json\/wp\/v2\/users\/1"}],"replies":[{"embeddable":true,"href":"https:\/\/www.vmditalia.com\/es\/wp-json\/wp\/v2\/comments?post=3214"}],"version-history":[{"count":3,"href":"https:\/\/www.vmditalia.com\/es\/wp-json\/wp\/v2\/pages\/3214\/revisions"}],"predecessor-version":[{"id":3220,"href":"https:\/\/www.vmditalia.com\/es\/wp-json\/wp\/v2\/pages\/3214\/revisions\/3220"}],"wp:attachment":[{"href":"https:\/\/www.vmditalia.com\/es\/wp-json\/wp\/v2\/media?parent=3214"}],"curies":[{"name":"wp","href":"https:\/\/api.w.org\/{rel}","templated":true}]}}