{"id":3207,"date":"2024-05-02T20:14:05","date_gmt":"2024-05-02T18:14:05","guid":{"rendered":"https:\/\/www.vmditalia.com\/certificaciones\/"},"modified":"2026-04-08T17:39:23","modified_gmt":"2026-04-08T15:39:23","slug":"certificaciones","status":"publish","type":"page","link":"https:\/\/www.vmditalia.com\/es\/certificaciones\/","title":{"rendered":"Certificaciones"},"content":{"rendered":"<!--themify_builder_content-->\n<div id=\"themify_builder_content-3207\" data-postid=\"3207\" class=\"themify_builder_content themify_builder_content-3207 themify_builder tf_clear\">\n                    <div  data-css_id=\"z727699\" data-lazy=\"1\" class=\"module_row themify_builder_row fullwidth tb_z727699 tb_first tf_w\">\n                        <div class=\"row_inner col_align_top tb_col_count_1 tf_box tf_rel\">\n                        <div  data-lazy=\"1\" class=\"module_column tb-column col-full tb_q7tz799 first\">\n                    <!-- module image -->\n<div  class=\"module module-image tb_wzk0900 image-center   auto_fullwidth tf_mw\" data-lazy=\"1\">\n        <div class=\"image-wrap tf_rel tf_mw\">\n            <img loading=\"lazy\" decoding=\"async\" width=\"953\" height=\"300\" src=\"https:\/\/www.vmditalia.com\/wp-content\/uploads\/2024\/05\/953x300-IMMAGINE-AMBIENTEI.jpg\" class=\"wp-post-image wp-image-1173\" title=\"953x300-IMMAGINE-AMBIENTEI\" alt=\"AMBIENTE\" srcset=\"https:\/\/www.vmditalia.com\/wp-content\/uploads\/2024\/05\/953x300-IMMAGINE-AMBIENTEI.jpg 953w, https:\/\/www.vmditalia.com\/wp-content\/uploads\/2024\/05\/953x300-IMMAGINE-AMBIENTEI-300x94.jpg 300w, https:\/\/www.vmditalia.com\/wp-content\/uploads\/2024\/05\/953x300-IMMAGINE-AMBIENTEI-768x242.jpg 768w\" sizes=\"auto, (max-width: 953px) 100vw, 953px\" \/>    \n        <\/div>\n    <!-- \/image-wrap -->\n    \n        <\/div>\n<!-- \/module image --><!-- module text -->\n<div  class=\"module module-text tb_1s0n009   \" data-lazy=\"1\">\n        <div  class=\"tb_text_wrap\">\n        <p style=\"text-align: justify;\"><span style=\"font-weight: bold;\">VMD Italia<\/span> se posiciona como una<span style=\"font-weight: bold;\">empresa l\u00edder en la industria qu\u00edmica<\/span>, que se distingue por su compromiso constante con la <span style=\"font-weight: bold;\">protecci\u00f3n y el respeto del medio ambiente<\/span>. La empresa dise\u00f1a, desarrolla y comercializa una amplia gama de aerosoles, priorizando siempre el impacto que pueden tener en el ecosistema. <span style=\"font-weight: bold;\">El enfoque de VMD Italia est\u00e1 fuertemente orientado hacia la sostenibilidad y la minimizaci\u00f3n de su huella ecol\u00f3gica<\/span>, mediante el uso de tecnolog\u00edas de vanguardia y pr\u00e1cticas operativas destinadas a reducir al m\u00ednimo las emisiones nocivas y el consumo de recursos naturales. <\/p>\n<p style=\"text-align: justify;\"><span style=\"font-weight: bold;\">La empresa est\u00e1 profundamente comprometida con la investigaci\u00f3n y la innovaci\u00f3n<\/span>, con el objetivo de ofrecer soluciones qu\u00edmicas eficaces y, al mismo tiempo, seguras para el medio ambiente. Este compromiso se refleja en la cuidadosa selecci\u00f3n de las materias primas, la optimizaci\u00f3n de los procesos de producci\u00f3n para reducir su impacto medioambiental y la adopci\u00f3n de pol\u00edticas empresariales que promueven la responsabilidad medioambiental en todos los niveles organizativos. <\/p>\n<p style=\"text-align: justify;\">VMD Italia colabora estrechamente con organismos reguladores, organizaciones no gubernamentales y otras partes interesadas para garantizar que sus pr\u00e1cticas empresariales no s\u00f3lo cumplen en todo momento la normativa medioambiental vigente. Mediante estas iniciativas de colaboraci\u00f3n, la empresa se esfuerza por ser un ejemplo positivo en su sector y, por qu\u00e9 no, un promotor de la qu\u00edmica verde. <\/p>\n<p style=\"text-align: justify;\">En resumen, <span style=\"font-weight: bold;\">VMD Italia representa un modelo de excelencia en el sector qu\u00edmico por su enfoque innovador y \u00e9tico del medio ambiente.<\/span> Mediante una gesti\u00f3n responsable de sus actividades y un compromiso permanente con la excelencia medioambiental, la empresa est\u00e1 a la vanguardia de la promoci\u00f3n de un futuro m\u00e1s sostenible y ecol\u00f3gico.<\/p>\n<p> <\/p>    <\/div>\n<\/div>\n<!-- \/module text --><!-- module text -->\n<div  class=\"module module-text tb_mgt2504   \" data-lazy=\"1\">\n        <div  class=\"tb_text_wrap\">\n        <h3 style=\"text-align: center;\">NUESTRAS CERTIFICACIONES<\/h3>    <\/div>\n<\/div>\n<!-- \/module text -->        <\/div>\n                        <\/div>\n        <\/div>\n                        <div  data-css_id=\"lz84854\" data-lazy=\"1\" class=\"module_row themify_builder_row fullwidth tb_lz84854 tf_w\">\n                        <div class=\"row_inner col_align_top tb_col_count_3 tf_box tf_rel\">\n                        <div  data-lazy=\"1\" class=\"module_column tb-column col3-1 tb_we1n905 first\">\n                    <!-- module image -->\n<div  class=\"module module-image tb_r541811 image-center   tf_mw\" data-lazy=\"1\">\n        <div class=\"image-wrap tf_rel tf_mw\">\n            <a href=\"https:\/\/www.vmditalia.com\/wp-content\/uploads\/2026\/04\/IQNET.pdf\" class=\"lightbox-builder themify_lightbox\" data-zoom-config=\"85%|100%\">\n                   <img loading=\"lazy\" decoding=\"async\" width=\"656\" height=\"929\" src=\"https:\/\/www.vmditalia.com\/wp-content\/uploads\/2026\/04\/IQNET.png\" class=\"wp-post-image wp-image-3526\" title=\"IQNET\" alt=\"IQNET\" srcset=\"https:\/\/www.vmditalia.com\/wp-content\/uploads\/2026\/04\/IQNET.png 656w, https:\/\/www.vmditalia.com\/wp-content\/uploads\/2026\/04\/IQNET-212x300.png 212w\" sizes=\"auto, (max-width: 656px) 100vw, 656px\" \/>        <\/a>\n    \n        <\/div>\n    <!-- \/image-wrap -->\n    \n        <\/div>\n<!-- \/module image -->        <\/div>\n                    <div  data-lazy=\"1\" class=\"module_column tb-column col3-1 tb_zt9u559\">\n                            <\/div>\n                    <div  data-lazy=\"1\" class=\"module_column tb-column col3-1 tb_l9xx261 last\">\n                    <!-- module image -->\n<div  class=\"module module-image tb_ez5p122 image-center   tf_mw\" data-lazy=\"1\">\n        <div class=\"image-wrap tf_rel tf_mw\">\n            <a href=\"https:\/\/www.vmditalia.com\/wp-content\/uploads\/2026\/04\/CQY.pdf\" class=\"lightbox-builder themify_lightbox\" data-zoom-config=\"85%|100%\">\n                   <img loading=\"lazy\" decoding=\"async\" width=\"656\" height=\"928\" src=\"https:\/\/www.vmditalia.com\/wp-content\/uploads\/2026\/04\/CQY-1.png\" class=\"wp-post-image wp-image-3550\" title=\"CQY\" alt=\"CQY\" srcset=\"https:\/\/www.vmditalia.com\/wp-content\/uploads\/2026\/04\/CQY-1.png 656w, https:\/\/www.vmditalia.com\/wp-content\/uploads\/2026\/04\/CQY-1-212x300.png 212w\" sizes=\"auto, (max-width: 656px) 100vw, 656px\" \/>        <\/a>\n    \n        <\/div>\n    <!-- \/image-wrap -->\n    \n        <\/div>\n<!-- \/module image -->        <\/div>\n                        <\/div>\n        <\/div>\n        <\/div>\n<!--\/themify_builder_content-->","protected":false},"excerpt":{"rendered":"<p>VMD Italia se posiciona como unaempresa l\u00edder en la industria qu\u00edmica, que se distingue por su compromiso constante con la protecci\u00f3n y el respeto del medio ambiente. La empresa dise\u00f1a, desarrolla y comercializa una amplia gama de aerosoles, priorizando siempre el impacto que pueden tener en el ecosistema. El enfoque de VMD Italia est\u00e1 fuertemente [&hellip;]<\/p>\n","protected":false},"author":1,"featured_media":0,"parent":0,"menu_order":0,"comment_status":"closed","ping_status":"closed","template":"","meta":{"footnotes":""},"class_list":["post-3207","page","type-page","status-publish","hentry","has-post-title","has-post-date","has-post-category","has-post-tag","has-post-comment","has-post-author",""],"builder_content":"<img src=\"https:\/\/www.vmditalia.com\/wp-content\/uploads\/2024\/05\/953x300-IMMAGINE-AMBIENTEI.jpg\" title=\"953x300-IMMAGINE-AMBIENTEI\" alt=\"AMBIENTE\" srcset=\"https:\/\/www.vmditalia.com\/wp-content\/uploads\/2024\/05\/953x300-IMMAGINE-AMBIENTEI.jpg 953w, https:\/\/www.vmditalia.com\/wp-content\/uploads\/2024\/05\/953x300-IMMAGINE-AMBIENTEI-300x94.jpg 300w, https:\/\/www.vmditalia.com\/wp-content\/uploads\/2024\/05\/953x300-IMMAGINE-AMBIENTEI-768x242.jpg 768w\" sizes=\"(max-width: 953px) 100vw, 953px\" \/>\n<p style=\"text-align: justify;\">VMD Italia se posiciona como unaempresa l\u00edder en la industria qu\u00edmica, que se distingue por su compromiso constante con la protecci\u00f3n y el respeto del medio ambiente. La empresa dise\u00f1a, desarrolla y comercializa una amplia gama de aerosoles, priorizando siempre el impacto que pueden tener en el ecosistema. El enfoque de VMD Italia est\u00e1 fuertemente orientado hacia la sostenibilidad y la minimizaci\u00f3n de su huella ecol\u00f3gica, mediante el uso de tecnolog\u00edas de vanguardia y pr\u00e1cticas operativas destinadas a reducir al m\u00ednimo las emisiones nocivas y el consumo de recursos naturales. <\/p> <p style=\"text-align: justify;\">La empresa est\u00e1 profundamente comprometida con la investigaci\u00f3n y la innovaci\u00f3n, con el objetivo de ofrecer soluciones qu\u00edmicas eficaces y, al mismo tiempo, seguras para el medio ambiente. Este compromiso se refleja en la cuidadosa selecci\u00f3n de las materias primas, la optimizaci\u00f3n de los procesos de producci\u00f3n para reducir su impacto medioambiental y la adopci\u00f3n de pol\u00edticas empresariales que promueven la responsabilidad medioambiental en todos los niveles organizativos. <\/p> <p style=\"text-align: justify;\">VMD Italia colabora estrechamente con organismos reguladores, organizaciones no gubernamentales y otras partes interesadas para garantizar que sus pr\u00e1cticas empresariales no s\u00f3lo cumplen en todo momento la normativa medioambiental vigente. Mediante estas iniciativas de colaboraci\u00f3n, la empresa se esfuerza por ser un ejemplo positivo en su sector y, por qu\u00e9 no, un promotor de la qu\u00edmica verde. <\/p> <p style=\"text-align: justify;\">En resumen, VMD Italia representa un modelo de excelencia en el sector qu\u00edmico por su enfoque innovador y \u00e9tico del medio ambiente. Mediante una gesti\u00f3n responsable de sus actividades y un compromiso permanente con la excelencia medioambiental, la empresa est\u00e1 a la vanguardia de la promoci\u00f3n de un futuro m\u00e1s sostenible y ecol\u00f3gico.<\/p> <p> <\/p>\n<h3 style=\"text-align: center;\">NUESTRAS CERTIFICACIONES<\/h3>\n<a href=\"https:\/\/www.vmditalia.com\/wp-content\/uploads\/2026\/04\/IQNET.pdf\" data-zoom-config=\"85%|100%\"> <img src=\"https:\/\/www.vmditalia.com\/wp-content\/uploads\/2026\/04\/IQNET.png\" title=\"IQNET\" alt=\"IQNET\" srcset=\"https:\/\/www.vmditalia.com\/wp-content\/uploads\/2026\/04\/IQNET.png 656w, https:\/\/www.vmditalia.com\/wp-content\/uploads\/2026\/04\/IQNET-212x300.png 212w\" sizes=\"(max-width: 656px) 100vw, 656px\" \/> <\/a>\n<a href=\"https:\/\/www.vmditalia.com\/wp-content\/uploads\/2026\/04\/CQY.pdf\" data-zoom-config=\"85%|100%\"> <img src=\"https:\/\/www.vmditalia.com\/wp-content\/uploads\/2026\/04\/CQY-1.png\" title=\"CQY\" alt=\"CQY\" srcset=\"https:\/\/www.vmditalia.com\/wp-content\/uploads\/2026\/04\/CQY-1.png 656w, https:\/\/www.vmditalia.com\/wp-content\/uploads\/2026\/04\/CQY-1-212x300.png 212w\" sizes=\"(max-width: 656px) 100vw, 656px\" \/> <\/a>","_links":{"self":[{"href":"https:\/\/www.vmditalia.com\/es\/wp-json\/wp\/v2\/pages\/3207","targetHints":{"allow":["GET"]}}],"collection":[{"href":"https:\/\/www.vmditalia.com\/es\/wp-json\/wp\/v2\/pages"}],"about":[{"href":"https:\/\/www.vmditalia.com\/es\/wp-json\/wp\/v2\/types\/page"}],"author":[{"embeddable":true,"href":"https:\/\/www.vmditalia.com\/es\/wp-json\/wp\/v2\/users\/1"}],"replies":[{"embeddable":true,"href":"https:\/\/www.vmditalia.com\/es\/wp-json\/wp\/v2\/comments?post=3207"}],"version-history":[{"count":21,"href":"https:\/\/www.vmditalia.com\/es\/wp-json\/wp\/v2\/pages\/3207\/revisions"}],"predecessor-version":[{"id":3599,"href":"https:\/\/www.vmditalia.com\/es\/wp-json\/wp\/v2\/pages\/3207\/revisions\/3599"}],"wp:attachment":[{"href":"https:\/\/www.vmditalia.com\/es\/wp-json\/wp\/v2\/media?parent=3207"}],"curies":[{"name":"wp","href":"https:\/\/api.w.org\/{rel}","templated":true}]}}