{"id":3191,"date":"2024-05-02T11:58:39","date_gmt":"2024-05-02T09:58:39","guid":{"rendered":"https:\/\/www.vmditalia.com\/academia\/"},"modified":"2026-03-18T14:38:21","modified_gmt":"2026-03-18T13:38:21","slug":"academia","status":"publish","type":"page","link":"https:\/\/www.vmditalia.com\/es\/academia\/","title":{"rendered":"Academia"},"content":{"rendered":"<!--themify_builder_content-->\n<div id=\"themify_builder_content-3191\" data-postid=\"3191\" class=\"themify_builder_content themify_builder_content-3191 themify_builder tf_clear\">\n                    <div  data-css_id=\"fh9b430\" data-lazy=\"1\" class=\"module_row themify_builder_row fullwidth tb_fh9b430 tb_first tf_w\">\n                        <div class=\"row_inner col_align_top tb_col_count_1 tf_box tf_rel\">\n                        <div  data-lazy=\"1\" class=\"module_column tb-column col-full tb_9wj8003 first\">\n                    <!-- module image -->\n<div  class=\"module module-image tb_m332659 image-center   auto_fullwidth tf_mw\" data-lazy=\"1\">\n        <div class=\"image-wrap tf_rel tf_mw\">\n            <img loading=\"lazy\" decoding=\"async\" width=\"1920\" height=\"553\" src=\"https:\/\/www.vmditalia.com\/wp-content\/uploads\/2024\/05\/Logo-VMD-Academy-ok.jpg\" class=\"wp-post-image wp-image-3197\" title=\"Logo - VMD - Academy - ok\" alt=\"Logo - VMD - Academy\" srcset=\"https:\/\/www.vmditalia.com\/wp-content\/uploads\/2024\/05\/Logo-VMD-Academy-ok.jpg 1920w, https:\/\/www.vmditalia.com\/wp-content\/uploads\/2024\/05\/Logo-VMD-Academy-ok-300x86.jpg 300w, https:\/\/www.vmditalia.com\/wp-content\/uploads\/2024\/05\/Logo-VMD-Academy-ok-1024x295.jpg 1024w, https:\/\/www.vmditalia.com\/wp-content\/uploads\/2024\/05\/Logo-VMD-Academy-ok-768x221.jpg 768w, https:\/\/www.vmditalia.com\/wp-content\/uploads\/2024\/05\/Logo-VMD-Academy-ok-1536x442.jpg 1536w\" sizes=\"auto, (max-width: 1920px) 100vw, 1920px\" \/>    \n        <\/div>\n    <!-- \/image-wrap -->\n    \n        <\/div>\n<!-- \/module image --><!-- module text -->\n<div  class=\"module module-text tb_v4ts080   \" data-lazy=\"1\">\n        <div  class=\"tb_text_wrap\">\n        <p style=\"text-align: justify\"> <\/p>\n<p style=\"text-align: justify\">VMD ha creado la Academia de la empresa, una iniciativa pionera creada con la intenci\u00f3n espec\u00edfica de <span style=\"font-weight: bold\">ofrecer formaci\u00f3n t\u00e9cnica<\/span> altamente especializada tanto <span style=\"font-weight: bold\">a nuestros clientes como a nuestros socios comerciales<\/span>. El principal objetivo de esta Academia es proporcionar profundos conocimientos t\u00e9cnicos y habilidades pr\u00e1cticas a trav\u00e9s de un programa educativo cuidadosamente estructurado, dise\u00f1ado para satisfacer la necesidad de aprendizaje continuo en el din\u00e1mico mundo tecnol\u00f3gico actual. <\/p>\n<p style=\"text-align: justify\"><span style=\"font-weight: bold\">La Academia de la empresa<\/span> se compromete a garantizar que todos los participantes, independientemente de su nivel actual de conocimientos, puedan adquirir una <span style=\"font-weight: bold\">comprensi\u00f3n s\u00f3lida y completa de las \u00faltimas innovaciones tecnol\u00f3gicas, las mejores pr\u00e1cticas del sector y las herramientas m\u00e1s avanzadas<\/span>. Esto se consigue mediante una combinaci\u00f3n equilibrada de <span style=\"font-weight: bold\">clases te\u00f3ricas<\/span>, impartidas por nuestros expertos internos, y <span style=\"font-weight: bold\">sesiones pr\u00e1cticas<\/span>. <\/p>\n<p style=\"text-align: justify\">Reconocemos la importancia crucial del<span style=\"font-weight: bold\">desarrollo profesional continuo<\/span> para mantener la competitividad en el mercado y responder eficazmente a los retos que plantea la evoluci\u00f3n tecnol\u00f3gica. Por este motivo, <span style=\"font-weight: bold\">nuestra Academia corporativa se ha concebido como un espacio de encuentro<\/span> en el que clientes y socios pueden no s\u00f3lo mejorar sus conocimientos t\u00e9cnicos, sino tambi\u00e9n <span style=\"font-weight: bold\">intercambiar experiencias, ampliar su red profesional y colaborar en nuevos proyectos innovadores.<\/span> <\/p>\n<p style=\"text-align: justify\">Nuestra Academia corporativa es una inversi\u00f3n en el futuro, que apoya el desarrollo profesional de los participantes y contribuye a nuestro \u00e9xito colectivo en el panorama tecnol\u00f3gico mundial. <span style=\"font-weight: bold\">Por ello, invitamos a todos nuestros clientes y socios a participar activamente en este apasionante curso de formaci\u00f3n<\/span>, seguros de que representar\u00e1 un importante valor a\u00f1adido <span style=\"font-weight: bold\">para su crecimiento profesional y el refuerzo de sus competencias t\u00e9cnicas<\/span>.<\/p>    <\/div>\n<\/div>\n<!-- \/module text --><!-- module text -->\n<div  class=\"module module-text tb_0smi658   \" data-lazy=\"1\">\n        <div  class=\"tb_text_wrap\">\n        <h3 style=\"text-align: center\">NUESTRO SABER HACER EMPRESARIAL A TU DISPOSICI\u00d3N.<\/h3>\n<h6 style=\"text-align: center\"><span style=\"text-decoration: underline;font-style: italic\">\u00abLa duda es el principio del conocimiento\u00bb.  <\/span><\/h6>\n<p style=\"text-align: center\"><em>Descartes<\/em><\/p>    <\/div>\n<\/div>\n<!-- \/module text -->        <\/div>\n                        <\/div>\n        <\/div>\n                        <div  data-css_id=\"cedw629\" data-lazy=\"1\" class=\"module_row themify_builder_row fullwidth tb_cedw629 tf_w\">\n                        <div class=\"row_inner col_align_top tb_col_count_3 tf_box tf_rel\">\n                        <div  data-lazy=\"1\" class=\"module_column tb-column col3-1 tb_7l3e602 first\">\n                    <!-- module image -->\n<div  class=\"module module-image tb_yg08814 image-center rounded  auto_fullwidth tf_mw\" data-lazy=\"1\">\n        <div class=\"image-wrap tf_rel tf_mw\">\n            <img loading=\"lazy\" decoding=\"async\" width=\"600\" height=\"800\" src=\"https:\/\/www.vmditalia.com\/wp-content\/uploads\/2024\/05\/Castellini3.jpg\" class=\"wp-post-image wp-image-3193\" title=\"Cristiano Castellini\" alt=\"Cristiano Castellini\" srcset=\"https:\/\/www.vmditalia.com\/wp-content\/uploads\/2024\/05\/Castellini3.jpg 600w, https:\/\/www.vmditalia.com\/wp-content\/uploads\/2024\/05\/Castellini3-225x300.jpg 225w\" sizes=\"auto, (max-width: 600px) 100vw, 600px\" \/>    \n        <\/div>\n    <!-- \/image-wrap -->\n    \n        <\/div>\n<!-- \/module image --><!-- module text -->\n<div  class=\"module module-text tb_zbjv947   \" data-lazy=\"1\">\n        <div  class=\"tb_text_wrap\">\n        <h6 style=\"text-align: center\">Cristiano Castellini<\/h6>\n<p style=\"text-align: center;margin-bottom: 0px\"><em>Director Comercial  <\/em><\/p>    <\/div>\n<\/div>\n<!-- \/module text --><!-- module icon -->\n<div  class=\"module module-icon tb_i858319  large  icon_horizontal tf_textc\" data-lazy=\"1\">\n\t\t\t<div class=\"module-icon-item\">\n\t\t\t\t\t\t\t<a href=\"mailto:cristiano.castellini@vmditalia.it\" rel=\"noopener\" target=\"_blank\">\n\t\t\t\t\t\t\t\t\t\t\t\t\t\t\t\t\t<em class=\"tf_box\"\n\t\t\t\t\t\t\t\t\t\t\t\t\t\t\t\t\t><svg  class=\"tf_fa tf-fas-envelope\" aria-hidden=\"true\"><use href=\"#tf-fas-envelope\"><\/use><\/svg><\/em>\n\t\t\t\t\t\t\t\t\t\t\t\t\t\t\t\t<\/a>\n\t\t\t\t\t<\/div>\n\t<\/div>\n<!-- \/module icon -->\n        <\/div>\n                    <div  data-lazy=\"1\" class=\"module_column tb-column col3-1 tb_ef6c798\">\n                    <!-- module image -->\n<div  class=\"module module-image tb_7fci973 image-center rounded  auto_fullwidth tf_mw\" data-lazy=\"1\">\n        <div class=\"image-wrap tf_rel tf_mw\">\n            <img loading=\"lazy\" decoding=\"async\" width=\"600\" height=\"800\" src=\"https:\/\/www.vmditalia.com\/wp-content\/uploads\/2024\/05\/Battaglin.jpg\" class=\"wp-post-image wp-image-3195\" title=\"Luca Battaglin\" alt=\"Luca Battaglin\" srcset=\"https:\/\/www.vmditalia.com\/wp-content\/uploads\/2024\/05\/Battaglin.jpg 600w, https:\/\/www.vmditalia.com\/wp-content\/uploads\/2024\/05\/Battaglin-225x300.jpg 225w\" sizes=\"auto, (max-width: 600px) 100vw, 600px\" \/>    \n        <\/div>\n    <!-- \/image-wrap -->\n    \n        <\/div>\n<!-- \/module image --><!-- module text -->\n<div  class=\"module module-text tb_2zei670   \" data-lazy=\"1\">\n        <div  class=\"tb_text_wrap\">\n        <h6 style=\"text-align: center\">Luca Battaglin<\/h6>\n<p style=\"text-align: center;margin-bottom:0px\"><em>Director de Marketing<\/em><\/p>\n    <\/div>\n<\/div>\n<!-- \/module text --><!-- module icon -->\n<div  class=\"module module-icon tb_xxfz247  large  icon_horizontal tf_textc\" data-lazy=\"1\">\n\t\t\t<div class=\"module-icon-item\">\n\t\t\t\t\t\t\t<a href=\"mailto:luca.battaglin@vmditalia.it\" rel=\"noopener\" target=\"_blank\">\n\t\t\t\t\t\t\t\t\t\t\t\t\t\t\t\t\t<em class=\"tf_box\"\n\t\t\t\t\t\t\t\t\t\t\t\t\t\t\t\t\t><svg  class=\"tf_fa tf-fas-envelope\" aria-hidden=\"true\"><use href=\"#tf-fas-envelope\"><\/use><\/svg><\/em>\n\t\t\t\t\t\t\t\t\t\t\t\t\t\t\t\t<\/a>\n\t\t\t\t\t<\/div>\n\t<\/div>\n<!-- \/module icon -->\n        <\/div>\n                    <div  data-lazy=\"1\" class=\"module_column tb-column col3-1 tb_j9mr603 last\">\n                    <!-- module image -->\n<div  class=\"module module-image tb_c2vk468 image-center rounded  auto_fullwidth tf_mw\" data-lazy=\"1\">\n        <div class=\"image-wrap tf_rel tf_mw\">\n            <img loading=\"lazy\" decoding=\"async\" width=\"600\" height=\"800\" src=\"https:\/\/www.vmditalia.com\/wp-content\/uploads\/2024\/05\/Gambini5.jpg\" class=\"wp-post-image wp-image-3194\" title=\"Luca Gambini\" alt=\"Luca Gambini\" srcset=\"https:\/\/www.vmditalia.com\/wp-content\/uploads\/2024\/05\/Gambini5.jpg 600w, https:\/\/www.vmditalia.com\/wp-content\/uploads\/2024\/05\/Gambini5-225x300.jpg 225w\" sizes=\"auto, (max-width: 600px) 100vw, 600px\" \/>    \n        <\/div>\n    <!-- \/image-wrap -->\n    \n        <\/div>\n<!-- \/module image --><!-- module text -->\n<div  class=\"module module-text tb_rbp1544   \" data-lazy=\"1\">\n        <div  class=\"tb_text_wrap\">\n        <h6 style=\"text-align: center\">Luca Gambini<\/h6>\n<p style=\"text-align: center;margin-bottom:0px\"><em>Director T\u00e9cnico<\/em><\/p>\n    <\/div>\n<\/div>\n<!-- \/module text --><!-- module icon -->\n<div  class=\"module module-icon tb_gvpd663  large  icon_horizontal tf_textc\" data-lazy=\"1\">\n\t\t\t<div class=\"module-icon-item\">\n\t\t\t\t\t\t\t<a href=\"mailto:luca.gambini@vmditalia.it\" rel=\"noopener\" target=\"_blank\">\n\t\t\t\t\t\t\t\t\t\t\t\t\t\t\t\t\t<em class=\"tf_box\"\n\t\t\t\t\t\t\t\t\t\t\t\t\t\t\t\t\t><svg  class=\"tf_fa tf-fas-envelope\" aria-hidden=\"true\"><use href=\"#tf-fas-envelope\"><\/use><\/svg><\/em>\n\t\t\t\t\t\t\t\t\t\t\t\t\t\t\t\t<\/a>\n\t\t\t\t\t<\/div>\n\t<\/div>\n<!-- \/module icon -->\n        <\/div>\n                        <\/div>\n        <\/div>\n                        <div  data-css_id=\"kt9e33\" data-lazy=\"1\" class=\"module_row themify_builder_row fullwidth tb_kt9e33 tf_w\">\n                        <div class=\"row_inner col_align_top tb_col_count_1 tf_box tf_rel\">\n                        <div  data-lazy=\"1\" class=\"module_column tb-column col-full tb_vtyd33 first\">\n                    <!-- module text -->\n<div  class=\"module module-text tb_q6ul482   \" data-lazy=\"1\">\n        <div  class=\"tb_text_wrap\">\n        <h4 style=\"text-align: center\"><strong>S\u00cdGUENOS PARA DESCUBRIR NUESTROS EVENTOS<br><\/strong><\/h4>    <\/div>\n<\/div>\n<!-- \/module text -->        <\/div>\n                        <\/div>\n        <\/div>\n                        <div  data-css_id=\"0ytz83\" data-lazy=\"1\" class=\"module_row themify_builder_row fullwidth tb_0ytz83 tf_w\">\n                        <div class=\"row_inner col_align_top tb_col_count_1 tf_box tf_rel\">\n                        <div  data-lazy=\"1\" class=\"module_column tb-column col-full tb_yj2q83 first\">\n                    <!-- module gallery -->\n<div  class=\"module gallery module-gallery tb_yk9e474 layout-grid  \" data-lazy=\"1\">\n    <div class=\"module-gallery-grid\" style=\"--gald:4;--galt:4;--galm:4\">\n            <dl class=\"gallery-item\">\n            <dt class=\"gallery-icon\">\n            <a data-title=\"\" title=\"\" href=\"https:\/\/www.vmditalia.com\/wp-content\/uploads\/2024\/06\/vmd-agenti3.jpg\" data-rel=\"tb_yk9e474\" class=\"themify_lightbox\"><img loading=\"lazy\" decoding=\"async\" src=\"https:\/\/www.vmditalia.com\/wp-content\/uploads\/2024\/06\/vmd-agenti3-300x200.jpg\" width=\"300\" height=\"200\" class=\"wp-post-image wp-image-1254\" title=\"VMD Academy\" alt=\"VMD Academy\"><\/a>            <\/dt>\n                    <\/dl>\n            <dl class=\"gallery-item\">\n            <dt class=\"gallery-icon\">\n            <a data-title=\"\" title=\"\" href=\"https:\/\/www.vmditalia.com\/wp-content\/uploads\/2024\/06\/vmd-agenti7.jpg\" data-rel=\"tb_yk9e474\" class=\"themify_lightbox\"><img loading=\"lazy\" decoding=\"async\" src=\"https:\/\/www.vmditalia.com\/wp-content\/uploads\/2024\/06\/vmd-agenti7-300x200.jpg\" width=\"300\" height=\"200\" class=\"wp-post-image wp-image-1255\" title=\"VMD Academy\" alt=\"VMD Academy\"><\/a>            <\/dt>\n                    <\/dl>\n            <dl class=\"gallery-item\">\n            <dt class=\"gallery-icon\">\n            <a data-title=\"\" title=\"\" href=\"https:\/\/www.vmditalia.com\/wp-content\/uploads\/2024\/06\/vmd-agenti13.jpg\" data-rel=\"tb_yk9e474\" class=\"themify_lightbox\"><img loading=\"lazy\" decoding=\"async\" src=\"https:\/\/www.vmditalia.com\/wp-content\/uploads\/2024\/06\/vmd-agenti13-300x200.jpg\" width=\"300\" height=\"200\" class=\"wp-post-image wp-image-1256\" title=\"VMD Academy\" alt=\"VMD Academy\"><\/a>            <\/dt>\n                    <\/dl>\n            <dl class=\"gallery-item\">\n            <dt class=\"gallery-icon\">\n            <a data-title=\"\" title=\"\" href=\"https:\/\/www.vmditalia.com\/wp-content\/uploads\/2024\/06\/evento-vmd-2.jpg\" data-rel=\"tb_yk9e474\" class=\"themify_lightbox\"><img loading=\"lazy\" decoding=\"async\" src=\"https:\/\/www.vmditalia.com\/wp-content\/uploads\/2024\/06\/evento-vmd-2-300x200.jpg\" width=\"300\" height=\"200\" class=\"wp-post-image wp-image-1257\" title=\"VMD Academy\" alt=\"VMD Academy\"><\/a>            <\/dt>\n                    <\/dl>\n            <dl class=\"gallery-item\">\n            <dt class=\"gallery-icon\">\n            <a data-title=\"\" title=\"\" href=\"https:\/\/www.vmditalia.com\/wp-content\/uploads\/2024\/06\/evento-vmd-5.jpg\" data-rel=\"tb_yk9e474\" class=\"themify_lightbox\"><img loading=\"lazy\" decoding=\"async\" src=\"https:\/\/www.vmditalia.com\/wp-content\/uploads\/2024\/06\/evento-vmd-5-300x200.jpg\" width=\"300\" height=\"200\" class=\"wp-post-image wp-image-1258\" title=\"VMD Academy\" alt=\"VMD Academy\"><\/a>            <\/dt>\n                    <\/dl>\n            <dl class=\"gallery-item\">\n            <dt class=\"gallery-icon\">\n            <a data-title=\"\" title=\"\" href=\"https:\/\/www.vmditalia.com\/wp-content\/uploads\/2024\/06\/evento-vmd-6.jpg\" data-rel=\"tb_yk9e474\" class=\"themify_lightbox\"><img loading=\"lazy\" decoding=\"async\" src=\"https:\/\/www.vmditalia.com\/wp-content\/uploads\/2024\/06\/evento-vmd-6-300x200.jpg\" width=\"300\" height=\"200\" class=\"wp-post-image wp-image-1259\" title=\"VMD Academy\" alt=\"VMD Academy\"><\/a>            <\/dt>\n                    <\/dl>\n            <dl class=\"gallery-item\">\n            <dt class=\"gallery-icon\">\n            <a data-title=\"\" title=\"\" href=\"https:\/\/www.vmditalia.com\/wp-content\/uploads\/2024\/06\/evento-vmd-7.jpg\" data-rel=\"tb_yk9e474\" class=\"themify_lightbox\"><img loading=\"lazy\" decoding=\"async\" src=\"https:\/\/www.vmditalia.com\/wp-content\/uploads\/2024\/06\/evento-vmd-7-300x200.jpg\" width=\"300\" height=\"200\" class=\"wp-post-image wp-image-1260\" title=\"VMD Academy\" alt=\"VMD Academy\"><\/a>            <\/dt>\n                    <\/dl>\n            <dl class=\"gallery-item\">\n            <dt class=\"gallery-icon\">\n            <a data-title=\"\" title=\"\" href=\"https:\/\/www.vmditalia.com\/wp-content\/uploads\/2024\/06\/evento-vmd.jpg\" data-rel=\"tb_yk9e474\" class=\"themify_lightbox\"><img loading=\"lazy\" decoding=\"async\" src=\"https:\/\/www.vmditalia.com\/wp-content\/uploads\/2024\/06\/evento-vmd-300x200.jpg\" width=\"300\" height=\"200\" class=\"wp-post-image wp-image-1261\" title=\"VMD Academy\" alt=\"VMD Academy\"><\/a>            <\/dt>\n                    <\/dl>\n    <\/div>\n<\/div>\n<!-- \/module gallery -->        <\/div>\n                        <\/div>\n        <\/div>\n        <\/div>\n<!--\/themify_builder_content-->","protected":false},"excerpt":{"rendered":"<p>VMD ha creado la Academia de la empresa, una iniciativa pionera creada con la intenci\u00f3n espec\u00edfica de ofrecer formaci\u00f3n t\u00e9cnica altamente especializada tanto a nuestros clientes como a nuestros socios comerciales. El principal objetivo de esta Academia es proporcionar profundos conocimientos t\u00e9cnicos y habilidades pr\u00e1cticas a trav\u00e9s de un programa educativo cuidadosamente estructurado, dise\u00f1ado para [&hellip;]<\/p>\n","protected":false},"author":1,"featured_media":0,"parent":0,"menu_order":0,"comment_status":"closed","ping_status":"closed","template":"","meta":{"footnotes":""},"class_list":["post-3191","page","type-page","status-publish","hentry","has-post-title","has-post-date","has-post-category","has-post-tag","has-post-comment","has-post-author",""],"builder_content":"<img src=\"https:\/\/www.vmditalia.com\/wp-content\/uploads\/2024\/05\/Logo-VMD-Academy-ok.jpg\" title=\"Logo - VMD - Academy - ok\" alt=\"Logo - VMD - Academy\" srcset=\"https:\/\/www.vmditalia.com\/wp-content\/uploads\/2024\/05\/Logo-VMD-Academy-ok.jpg 1920w, https:\/\/www.vmditalia.com\/wp-content\/uploads\/2024\/05\/Logo-VMD-Academy-ok-300x86.jpg 300w, https:\/\/www.vmditalia.com\/wp-content\/uploads\/2024\/05\/Logo-VMD-Academy-ok-1024x295.jpg 1024w, https:\/\/www.vmditalia.com\/wp-content\/uploads\/2024\/05\/Logo-VMD-Academy-ok-768x221.jpg 768w, https:\/\/www.vmditalia.com\/wp-content\/uploads\/2024\/05\/Logo-VMD-Academy-ok-1536x442.jpg 1536w\" sizes=\"(max-width: 1920px) 100vw, 1920px\" \/>\n<p style=\"text-align: justify\"> <\/p> <p style=\"text-align: justify\">VMD ha creado la Academia de la empresa, una iniciativa pionera creada con la intenci\u00f3n espec\u00edfica de ofrecer formaci\u00f3n t\u00e9cnica altamente especializada tanto a nuestros clientes como a nuestros socios comerciales. El principal objetivo de esta Academia es proporcionar profundos conocimientos t\u00e9cnicos y habilidades pr\u00e1cticas a trav\u00e9s de un programa educativo cuidadosamente estructurado, dise\u00f1ado para satisfacer la necesidad de aprendizaje continuo en el din\u00e1mico mundo tecnol\u00f3gico actual. <\/p> <p style=\"text-align: justify\">La Academia de la empresa se compromete a garantizar que todos los participantes, independientemente de su nivel actual de conocimientos, puedan adquirir una comprensi\u00f3n s\u00f3lida y completa de las \u00faltimas innovaciones tecnol\u00f3gicas, las mejores pr\u00e1cticas del sector y las herramientas m\u00e1s avanzadas. Esto se consigue mediante una combinaci\u00f3n equilibrada de clases te\u00f3ricas, impartidas por nuestros expertos internos, y sesiones pr\u00e1cticas. <\/p> <p style=\"text-align: justify\">Reconocemos la importancia crucial deldesarrollo profesional continuo para mantener la competitividad en el mercado y responder eficazmente a los retos que plantea la evoluci\u00f3n tecnol\u00f3gica. Por este motivo, nuestra Academia corporativa se ha concebido como un espacio de encuentro en el que clientes y socios pueden no s\u00f3lo mejorar sus conocimientos t\u00e9cnicos, sino tambi\u00e9n intercambiar experiencias, ampliar su red profesional y colaborar en nuevos proyectos innovadores. <\/p> <p style=\"text-align: justify\">Nuestra Academia corporativa es una inversi\u00f3n en el futuro, que apoya el desarrollo profesional de los participantes y contribuye a nuestro \u00e9xito colectivo en el panorama tecnol\u00f3gico mundial. Por ello, invitamos a todos nuestros clientes y socios a participar activamente en este apasionante curso de formaci\u00f3n, seguros de que representar\u00e1 un importante valor a\u00f1adido para su crecimiento profesional y el refuerzo de sus competencias t\u00e9cnicas.<\/p>\n<h3 style=\"text-align: center\">NUESTRO SABER HACER EMPRESARIAL A TU DISPOSICI\u00d3N.<\/h3> <h6 style=\"text-align: center\">\"La duda es el principio del conocimiento\". <\/h6> <p style=\"text-align: center\"><em>Descartes<\/em><\/p>\n<img src=\"https:\/\/www.vmditalia.com\/wp-content\/uploads\/2024\/05\/Castellini3.jpg\" title=\"Cristiano Castellini\" alt=\"Cristiano Castellini\" srcset=\"https:\/\/www.vmditalia.com\/wp-content\/uploads\/2024\/05\/Castellini3.jpg 600w, https:\/\/www.vmditalia.com\/wp-content\/uploads\/2024\/05\/Castellini3-225x300.jpg 225w\" sizes=\"(max-width: 600px) 100vw, 600px\" \/>\n<h6 style=\"text-align: center\">Cristiano Castellini<\/h6> <p style=\"text-align: center;margin-bottom: 0px\"><em>Director Comercial <\/em><\/p>\n<a href=\"mailto:cristiano.castellini@vmditalia.it\" rel=\"noopener\" target=\"_blank\"> <em ><svg aria-hidden=\"true\"><use href=\"#tf-fas-envelope\"><\/use><\/svg><\/em> <\/a>\n<img src=\"https:\/\/www.vmditalia.com\/wp-content\/uploads\/2024\/05\/Battaglin.jpg\" title=\"Luca Battaglin\" alt=\"Luca Battaglin\" srcset=\"https:\/\/www.vmditalia.com\/wp-content\/uploads\/2024\/05\/Battaglin.jpg 600w, https:\/\/www.vmditalia.com\/wp-content\/uploads\/2024\/05\/Battaglin-225x300.jpg 225w\" sizes=\"(max-width: 600px) 100vw, 600px\" \/>\n<h6 style=\"text-align: center\">Luca Battaglin<\/h6> <p style=\"text-align: center;margin-bottom:0px\"><em>Director de Marketing<\/em><\/p>\n<a href=\"mailto:luca.battaglin@vmditalia.it\" rel=\"noopener\" target=\"_blank\"> <em ><svg aria-hidden=\"true\"><use href=\"#tf-fas-envelope\"><\/use><\/svg><\/em> <\/a>\n<img src=\"https:\/\/www.vmditalia.com\/wp-content\/uploads\/2024\/05\/Gambini5.jpg\" title=\"Luca Gambini\" alt=\"Luca Gambini\" srcset=\"https:\/\/www.vmditalia.com\/wp-content\/uploads\/2024\/05\/Gambini5.jpg 600w, https:\/\/www.vmditalia.com\/wp-content\/uploads\/2024\/05\/Gambini5-225x300.jpg 225w\" sizes=\"(max-width: 600px) 100vw, 600px\" \/>\n<h6 style=\"text-align: center\">Luca Gambini<\/h6> <p style=\"text-align: center;margin-bottom:0px\"><em>Director T\u00e9cnico<\/em><\/p>\n<a href=\"mailto:luca.gambini@vmditalia.it\" rel=\"noopener\" target=\"_blank\"> <em ><svg aria-hidden=\"true\"><use href=\"#tf-fas-envelope\"><\/use><\/svg><\/em> <\/a>\n<h4 style=\"text-align: center\"><strong>S\u00cdGUENOS PARA DESCUBRIR NUESTROS EVENTOS<br><\/strong><\/h4>\n[gallery ids=\"1254,1255,1256,1257,1258,1259,1260,1261\"]","_links":{"self":[{"href":"https:\/\/www.vmditalia.com\/es\/wp-json\/wp\/v2\/pages\/3191","targetHints":{"allow":["GET"]}}],"collection":[{"href":"https:\/\/www.vmditalia.com\/es\/wp-json\/wp\/v2\/pages"}],"about":[{"href":"https:\/\/www.vmditalia.com\/es\/wp-json\/wp\/v2\/types\/page"}],"author":[{"embeddable":true,"href":"https:\/\/www.vmditalia.com\/es\/wp-json\/wp\/v2\/users\/1"}],"replies":[{"embeddable":true,"href":"https:\/\/www.vmditalia.com\/es\/wp-json\/wp\/v2\/comments?post=3191"}],"version-history":[{"count":1,"href":"https:\/\/www.vmditalia.com\/es\/wp-json\/wp\/v2\/pages\/3191\/revisions"}],"predecessor-version":[{"id":3198,"href":"https:\/\/www.vmditalia.com\/es\/wp-json\/wp\/v2\/pages\/3191\/revisions\/3198"}],"wp:attachment":[{"href":"https:\/\/www.vmditalia.com\/es\/wp-json\/wp\/v2\/media?parent=3191"}],"curies":[{"name":"wp","href":"https:\/\/api.w.org\/{rel}","templated":true}]}}