{"id":3186,"date":"2024-05-02T16:34:16","date_gmt":"2024-05-02T14:34:16","guid":{"rendered":"https:\/\/www.vmditalia.com\/distribuidores\/"},"modified":"2026-03-18T14:38:16","modified_gmt":"2026-03-18T13:38:16","slug":"distribuidores","status":"publish","type":"page","link":"https:\/\/www.vmditalia.com\/es\/distribuidores\/","title":{"rendered":"Distribuidores"},"content":{"rendered":"<!--themify_builder_content-->\n<div id=\"themify_builder_content-3186\" data-postid=\"3186\" class=\"themify_builder_content themify_builder_content-3186 themify_builder tf_clear\">\n                    <div  data-css_id=\"y2z8748\" data-lazy=\"1\" class=\"module_row themify_builder_row fullwidth tb_y2z8748 tb_first tf_w\">\n                        <div class=\"row_inner col_align_top tb_col_count_1 tf_box tf_rel\">\n                        <div  data-lazy=\"1\" class=\"module_column tb-column col-full tb_c04y748 first\">\n                    <!-- module plain text -->\n<div  class=\"module module-plain-text tb_kyht169 \" data-lazy=\"1\">\n        <div class=\"tb_text_wrap\">\n    <div class=\"map_wrapper\" id=\"map_wrapper_801\">\n<div class=\"map_box\" style=\"max-width:2000px\">\n<div class=\"map_aspect_ratio\" style=\"padding-top:56%\" data-padding-top=\"56%\" data-padding-top-mobile=\"0%\">\n<div class=\"map_container\">\n<div class=\"map_render map_loading\" id=\"map_801\"><\/div>\n<\/div>\n<\/div>\n<\/div>\n<\/div>    <\/div>\n<\/div>\n<!-- \/module plain text -->        <\/div>\n                        <\/div>\n        <\/div>\n                        <div  data-lazy=\"1\" class=\"module_row themify_builder_row tb_23ij127 tf_w\">\n                        <div class=\"row_inner col_align_top tb_col_count_1 tf_box tf_rel\">\n                        <div  data-lazy=\"1\" class=\"module_column tb-column col-full tb_p6tk128 first\">\n                    <!-- module text -->\n<div  class=\"module module-text tb_h8i9209   \" data-lazy=\"1\">\n        <div  class=\"tb_text_wrap\">\n        <h2 style=\"text-align: center\">\u00bfQuieres ser distribuidor?<\/h2>\n<h2 style=\"text-align: center\">Contacta con nosotros<\/h2>    <\/div>\n<\/div>\n<!-- \/module text -->        <\/div>\n                        <\/div>\n        <\/div>\n                        <div  data-css_id=\"rztb607\" data-lazy=\"1\" class=\"module_row themify_builder_row fullwidth_row_container tb_rztb607 tf_w\">\n                        <div class=\"row_inner col_align_top tb_col_count_1 tf_box tf_rel\">\n                        <div  data-lazy=\"1\" class=\"module_column tb-column col-full tb_78dj607 first\">\n                    <!-- module plain text -->\n<div  class=\"module module-plain-text tb_u7ns629 \" data-lazy=\"1\">\n        <div class=\"tb_text_wrap\">\n    <style id=\"wpforms-css-vars-1041\">\n\t\t\t\t#wpforms-1041 {\n\t\t\t\t--wpforms-container-padding: 0px;\n--wpforms-container-border-width: 1px;\n--wpforms-container-border-radius: 3px;\n--wpforms-background-color: rgba(0, 0, 0, 0);\n--wpforms-field-size-input-height: 43px;\n--wpforms-field-size-input-spacing: 15px;\n--wpforms-field-size-font-size: 16px;\n--wpforms-field-size-line-height: 19px;\n--wpforms-field-size-padding-h: 14px;\n--wpforms-field-size-checkbox-size: 16px;\n--wpforms-field-size-sublabel-spacing: 5px;\n--wpforms-field-size-icon-size: 1;\n--wpforms-label-size-font-size: 16px;\n--wpforms-label-size-line-height: 19px;\n--wpforms-label-size-sublabel-font-size: 14px;\n--wpforms-label-size-sublabel-line-height: 17px;\n--wpforms-button-size-font-size: 17px;\n--wpforms-button-size-height: 41px;\n--wpforms-button-size-padding-h: 15px;\n--wpforms-button-size-margin-top: 10px;\n--wpforms-container-shadow-size-box-shadow: none;\n\t\t\t}\n\t\t\t<\/style><div class=\"wpforms-container wpforms-container-full wpforms-render-modern\" id=\"wpforms-1041\"><form id=\"wpforms-form-1041\" class=\"wpforms-validate wpforms-form wpforms-ajax-form\" data-formid=\"1041\" method=\"post\" enctype=\"multipart\/form-data\" action=\"\/es\/wp-json\/wp\/v2\/pages\/3186\" data-token=\"27fa0234e863ff2cb6caf4a9dccd117e\" data-token-time=\"1777758441\"><noscript class=\"wpforms-error-noscript\">Por favor, activa JavaScript en tu navegador para completar este formulario.<\/noscript><div id=\"wpforms-error-noscript\" style=\"display: none;\">Por favor, activa JavaScript en tu navegador para completar este formulario.<\/div><div class=\"wpforms-field-container\"><div id=\"wpforms-1041-field_1-container\" class=\"wpforms-field wpforms-field-text wpforms-one-half wpforms-first\" data-field-id=\"1\"><label class=\"wpforms-field-label\" for=\"wpforms-1041-field_1\">Nombre y apellidos <span class=\"wpforms-required-label\" aria-hidden=\"true\">*<\/span><\/label><input type=\"text\" id=\"wpforms-1041-field_1\" class=\"wpforms-field-large wpforms-field-required\" name=\"wpforms[fields][1]\" aria-errormessage=\"wpforms-1041-field_1-error\" required><\/div><div id=\"wpforms-1041-field_2-container\" class=\"wpforms-field wpforms-field-text wpforms-one-half\" data-field-id=\"2\"><label class=\"wpforms-field-label\" for=\"wpforms-1041-field_2\">Nombre de la empresa<\/label><input type=\"text\" id=\"wpforms-1041-field_2\" class=\"wpforms-field-large\" name=\"wpforms[fields][2]\" aria-errormessage=\"wpforms-1041-field_2-error\" ><\/div><div id=\"wpforms-1041-field_3-container\" class=\"wpforms-field wpforms-field-email wpforms-one-half wpforms-first\" data-field-id=\"3\"><label class=\"wpforms-field-label\" for=\"wpforms-1041-field_3\">Env\u00eda un correo electr\u00f3nico a <span class=\"wpforms-required-label\" aria-hidden=\"true\">*<\/span><\/label><input type=\"email\" id=\"wpforms-1041-field_3\" class=\"wpforms-field-large wpforms-field-required\" name=\"wpforms[fields][3]\" spellcheck=\"false\" aria-errormessage=\"wpforms-1041-field_3-error\" required><\/div><div id=\"wpforms-1041-field_4-container\" class=\"wpforms-field wpforms-field-text wpforms-one-half\" data-field-id=\"4\"><label class=\"wpforms-field-label\" for=\"wpforms-1041-field_4\">N\u00famero de tel\u00e9fono<\/label><input type=\"text\" id=\"wpforms-1041-field_4\" class=\"wpforms-field-large\" name=\"wpforms[fields][4]\" aria-errormessage=\"wpforms-1041-field_4-error\" ><\/div><div id=\"wpforms-1041-field_5-container\" class=\"wpforms-field wpforms-field-textarea\" data-field-id=\"5\"><label class=\"wpforms-field-label\" for=\"wpforms-1041-field_5\">Mensaje<\/label><textarea id=\"wpforms-1041-field_5\" class=\"wpforms-field-medium\" name=\"wpforms[fields][5]\" aria-errormessage=\"wpforms-1041-field_5-error\" ><\/textarea><\/div><div id=\"wpforms-1041-field_6-container\" class=\"wpforms-field wpforms-field-checkbox\" data-field-id=\"6\"><fieldset><legend class=\"wpforms-field-label\">Consentimiento y privacidad <span class=\"wpforms-required-label\" aria-hidden=\"true\">*<\/span><\/legend><ul id=\"wpforms-1041-field_6\" class=\"wpforms-field-required\"><li class=\"choice-1 depth-1\"><input type=\"checkbox\" id=\"wpforms-1041-field_6_1\" name=\"wpforms[fields][6][]\" value=\"He le\u00eddo la informaci\u00f3n sobre el tratamiento de datos personales de conformidad con los art\u00edculos 13-14 del GDPR - Reglamento 2016\/679\/UE - &lt;a href=&quot;https:\/\/vmditalia.com\/pdf\/INFORMATIVA-CLIENTI-VMD-REV00.pdf&quot;&gt;Pol\u00edtica de privacidad&lt;\/a&gt;\" aria-errormessage=\"wpforms-1041-field_6_1-error\" required ><label class=\"wpforms-field-label-inline\" for=\"wpforms-1041-field_6_1\">He le\u00eddo la informaci\u00f3n sobre el tratamiento de datos personales de conformidad con los art\u00edculos 13-14 del GDPR - Reglamento 2016\/679\/UE - <a href=\"https:\/\/vmditalia.com\/pdf\/INFORMATIVA-CLIENTI-VMD-REV00.pdf\">Pol\u00edtica de privacidad<\/a><\/label><\/li><li class=\"choice-2 depth-1\"><input type=\"checkbox\" id=\"wpforms-1041-field_6_2\" name=\"wpforms[fields][6][]\" value=\"Doy mi consentimiento para el tratamiento de mis datos personales con fines de marketing, como se indica en la Pol\u00edtica de &lt;a href=&quot;https:\/\/vmditalia.com\/pdf\/INFORMATIVA-CLIENTI-VMD-REV00.pdf&quot;&gt;Privacidad&lt;\/a&gt;\" aria-errormessage=\"wpforms-1041-field_6_2-error\" required ><label class=\"wpforms-field-label-inline\" for=\"wpforms-1041-field_6_2\">Doy mi consentimiento para el tratamiento de mis datos personales con fines de marketing, como se indica en la Pol\u00edtica de <a href=\"https:\/\/vmditalia.com\/pdf\/INFORMATIVA-CLIENTI-VMD-REV00.pdf\">Privacidad<\/a><\/label><\/li><\/ul><\/fieldset><\/div><\/div><!-- .wpforms-field-container --><div class=\"wpforms-submit-container\" ><input type=\"hidden\" name=\"wpforms[id]\" value=\"1041\"><input type=\"hidden\" name=\"page_title\" value=\"\"><input type=\"hidden\" name=\"page_url\" value=\"https:\/\/www.vmditalia.com\/es\/wp-json\/wp\/v2\/pages\/3186\"><input type=\"hidden\" name=\"url_referer\" value=\"\"><button type=\"submit\" name=\"wpforms[submit]\" id=\"wpforms-submit-1041\" class=\"wpforms-submit\" data-alt-text=\"Enviando...\" data-submit-text=\"Env\u00eda\" aria-live=\"assertive\" value=\"wpforms-submit\">Env\u00eda<\/button><img loading=\"lazy\" decoding=\"async\" src=\"https:\/\/www.vmditalia.com\/wp-content\/plugins\/wpforms-lite\/assets\/images\/submit-spin.svg\" class=\"wpforms-submit-spinner\" style=\"display: none;\" width=\"26\" height=\"26\" alt=\"Cargando\"><\/div><\/form><\/div>  <!-- .wpforms-container -->    <\/div>\n<\/div>\n<!-- \/module plain text -->        <\/div>\n                        <\/div>\n        <\/div>\n        <\/div>\n<!--\/themify_builder_content-->","protected":false},"excerpt":{"rendered":"<p>\u00bfQuieres ser distribuidor? Contacta con nosotros<\/p>\n","protected":false},"author":1,"featured_media":0,"parent":0,"menu_order":0,"comment_status":"closed","ping_status":"closed","template":"","meta":{"footnotes":""},"class_list":["post-3186","page","type-page","status-publish","hentry","has-post-title","has-post-date","has-post-category","has-post-tag","has-post-comment","has-post-author",""],"builder_content":"[display-map id=\"801\"]\n<h2 style=\"text-align: center\">\u00bfQuieres ser distribuidor?<\/h2> <h2 style=\"text-align: center\">Contacta con nosotros<\/h2>\n[wpforms id=\"1041\"]","_links":{"self":[{"href":"https:\/\/www.vmditalia.com\/es\/wp-json\/wp\/v2\/pages\/3186","targetHints":{"allow":["GET"]}}],"collection":[{"href":"https:\/\/www.vmditalia.com\/es\/wp-json\/wp\/v2\/pages"}],"about":[{"href":"https:\/\/www.vmditalia.com\/es\/wp-json\/wp\/v2\/types\/page"}],"author":[{"embeddable":true,"href":"https:\/\/www.vmditalia.com\/es\/wp-json\/wp\/v2\/users\/1"}],"replies":[{"embeddable":true,"href":"https:\/\/www.vmditalia.com\/es\/wp-json\/wp\/v2\/comments?post=3186"}],"version-history":[{"count":1,"href":"https:\/\/www.vmditalia.com\/es\/wp-json\/wp\/v2\/pages\/3186\/revisions"}],"predecessor-version":[{"id":3188,"href":"https:\/\/www.vmditalia.com\/es\/wp-json\/wp\/v2\/pages\/3186\/revisions\/3188"}],"wp:attachment":[{"href":"https:\/\/www.vmditalia.com\/es\/wp-json\/wp\/v2\/media?parent=3186"}],"curies":[{"name":"wp","href":"https:\/\/api.w.org\/{rel}","templated":true}]}}